{"id":73,"date":"2015-08-18T10:22:12","date_gmt":"2015-08-18T09:22:12","guid":{"rendered":"http:\/\/bees-coop.be\/?page_id=73"},"modified":"2026-03-05T11:03:10","modified_gmt":"2026-03-05T10:03:10","slug":"accueil","status":"publish","type":"page","link":"https:\/\/bees-coop.be\/nl\/","title":{"rendered":"Home"},"content":{"rendered":"<p>[vc_row][vc_column][vc_column_text]<br \/>\n[\/vc_column_text][\/vc_column][\/vc_row]<\/p>\n\n\n<p>[vc_row][vc_column][vc_column_text]<\/p>\n<h2 style=\"text-align: center;\"><span style=\"font-weight: 400;\">Supermarkt zoekt superco\u00f6perant!<\/span><\/h2>\n<p>[\/vc_column_text][vc_column_text]<br \/>\n[\/vc_column_text][vc_single_image image=&#8221;1708&#8243; img_size=&#8221;full&#8221; alignment=&#8221;center&#8221;][\/vc_column][\/vc_row]<\/p>\n\n\n<p>[vc_row][vc_column width=&#8221;1\/6&#8243;][vc_column_text][\/vc_column_text][\/vc_column][vc_column width=&#8221;2\/3&#8243;][vc_column_text]<\/p>\n<p style=\"text-align: center;\"><span style=\"font-weight: 400;\">Dit project is gedragen door burgers die een alternatief willen bieden tegenover de grote klassieke distributie. We stellen kwaliteitsproducten voor aan toegankelijke prijzen.<\/span><\/p>\n<p>[\/vc_column_text][vc_single_image image=&#8221;2623&#8243; img_size=&#8221;full&#8221;][vc_column_text]<\/p>\n<h2 style=\"text-align: center;\"><a href=\"https:\/\/bees-coop.be\/nl\/meedoen\/word-lid\/\">Sluit je aan\u00a0!<\/a><\/h2>\n<p>[\/vc_column_text][vc_column_text]<\/p>\n<p style=\"text-align: center;\"><u><a href=\"https:\/\/bees-coop.be\/nl\/meedoen\/word-lid\/\">Hier<\/a><\/u> kan je alle informatie vinden om vanaf nu co\u00f6perant te worden<\/p>\n<p>[\/vc_column_text][\/vc_column][vc_column width=&#8221;1\/6&#8243;][\/vc_column][\/vc_row]<\/p>\n\n\n\n<p>[vc_row][vc_column][vc_empty_space height=&#8221;60px&#8221;][\/vc_column][\/vc_row]<\/p>\n\n\n<p>[vc_row][vc_column width=&#8221;1\/6&#8243;][vc_column_text]<br \/>\n[\/vc_column_text][\/vc_column][vc_column width=&#8221;1\/3&#8243;][vc_column_text]<\/p>\n<h3 class=\"p1\" style=\"text-align: center;\"><span class=\"s1\">Volgende<\/span> <span class=\"s1\">informatieavond<\/span><\/h3>\n<p>[\/vc_column_text][vc_single_image image=&#8221;1711&#8243; img_size=&#8221;full&#8221; alignment=&#8221;center&#8221;][vc_column_text]Wij organiseren infosessies <span style=\"color: #4b67aa;\">bij BEES coop<\/span>. Op inschrijving. <span style=\"color: #ff0000;\">Beperkt aantal plaatsen<\/span>.<\/p>\n<ul>\n<li>Zaterdag 28\/03 om 11:00 NL<\/li>\n<li>Jeudi 02\/04 \u00e0 19:00 FR<\/li>\n<li>Mardi 14\/04 \u00e0 18:30 FR<\/li>\n<li>Samedi 18\/04 \u00e0 10:30 FR<\/li>\n<li>Tuesday 28\/04 at 18:30 EN<\/li>\n<li>Mercredi 06\/05 \u00e0 18:30 FR<\/li>\n<li>Mardi 12\/05 \u00e0 19:00 FR<\/li>\n<li>Jeudi 21\/05 \u00e0 19:00 FR<\/li>\n<li>Dinsdag 26\/05 om 18:30 NL<\/li>\n<li>Mardi 09\/06 \u00e0 19:00 FR<\/li>\n<li>Mercredi 17\/06 \u00e0 18:30 FR<\/li>\n<li>Saturday 20\/06 at 13:00 EN<\/li>\n<\/ul>\n<p>Andere data komen eraan&#8230;<\/p>\n<p class=\"p1\"><a href=\"https:\/\/docs.google.com\/forms\/d\/e\/1FAIpQLSfrOLGXe0SKQmZLDoJIZ_xcJZj8uFfDJ9AISsow1gKPnDgCPw\/viewform\" target=\"_blank\" rel=\"noopener\">Schrijf je hier in.<\/a><\/p>\n<p>[\/vc_column_text][\/vc_column][vc_column width=&#8221;1\/6&#8243;][\/vc_column][\/vc_row]<\/p>\n\n\n\n<p>[vc_row][vc_column][vc_empty_space height=&#8221;60px&#8221;][\/vc_column][\/vc_row][vc_row css=&#8221;.vc_custom_1441551102749{margin-right: 5px !important;margin-left: 5px !important;}&#8221;][vc_column][vc_text_separator title=&#8221;Onze waarden&#8221; title_size=&#8221;h2&#8243;][\/vc_column][\/vc_row]<\/p>\n\n\n<p>[vc_row][vc_column width=&#8221;1\/3&#8243; css=&#8221;.vc_custom_1441535885309{border-right-width: 5px !important;border-left-width: 5px !important;}&#8221;][vc_single_image image=&#8221;1801&#8243; img_size=&#8221;140&#215;140&#8243; alignment=&#8221;center&#8221; style=&#8221;vc_box_shadow_border_circle_2&#8243;][vc_column_text css=&#8221;.vc_custom_1443528448498{padding-right: 20px !important;padding-left: 20px !important;}&#8221;]<\/p>\n<h3 style=\"text-align: center;\">Durabiliteit<\/h3>\n<p style=\"text-align: left;\"><span style=\"font-weight: 400;\">BEES Coop wil aan zijn leden kwaliteitsproducten aan een lagere prijs aanbieden, en dit door lokale en seizoensproducten voorrang te geven. De coop promoveert een landbouw die mens en ecologie respecteert. <\/span><\/p>\n<p>[\/vc_column_text][\/vc_column][vc_column width=&#8221;1\/3&#8243;][vc_single_image image=&#8221;1797&#8243; img_size=&#8221;140&#215;140&#8243; alignment=&#8221;center&#8221; style=&#8221;vc_box_shadow_border_circle_2&#8243;][vc_column_text css=&#8221;.vc_custom_1443528473158{padding-right: 20px !important;padding-left: 20px !important;}&#8221;]<\/p>\n<h3 style=\"text-align: center;\">Samenwerking<\/h3>\n<p style=\"text-align: left;\"><span style=\"font-weight: 400;\">BEES Coop is een co\u00f6peratieve onderneming met sociaal oogmerk en streeft geen winst na. Ze wordt bestuurd door de leden zelf. De coop wil samenwerking tussen consumenten en producenten ontwikkelen. <\/span><\/p>\n<p>[\/vc_column_text][\/vc_column][vc_column width=&#8221;1\/3&#8243;][vc_single_image image=&#8221;1798&#8243; img_size=&#8221;140&#215;140&#8243; alignment=&#8221;center&#8221; style=&#8221;vc_box_shadow_border_circle_2&#8243;][vc_column_text css=&#8221;.vc_custom_1443528516201{padding-right: 20px !important;padding-left: 20px !important;}&#8221;]<\/p>\n<h3 style=\"text-align: center;\">Solidariteit<\/h3>\n<p style=\"text-align: left;\"><span style=\"font-weight: 400;\">Bewust van de culturele en socio-economische diversiteit van de Brusselaars, werkt BEES Coop aan het toegankelijk maken van duurzame voeding aan zo veel mogelijk mensen. Elkaar ontmoeten en idee\u00ebn uitwisselen vanuit de alimentatie-hoek, dat is onze wens. <\/span><\/p>\n<p>[\/vc_column_text][\/vc_column][\/vc_row]<\/p>\n\n\n\n<p>[vc_row][vc_column][vc_empty_space height=&#8221;60px&#8221;][\/vc_column][\/vc_row][vc_row][vc_column][vc_text_separator title=&#8221;Wat doen de leden ?&#8221; title_size=&#8221;h2&#8243;][\/vc_column][\/vc_row]<\/p>\n\n\n<p>[vc_row][vc_column][vc_column_text css=&#8221;.vc_custom_1443528691252{border-top-width: 20px !important;}&#8221;]<\/p>\n<p class=\"p1\" style=\"text-align: center;\">Dit model is gebaseerd<span class=\"Apple-converted-space\">\u00a0 <\/span>op een drievoudig engagement van de leden. Een co\u00f6perant is tegelijkertijd :<\/p>\n<p>[\/vc_column_text][\/vc_column][\/vc_row]<\/p>\n\n\n<p>[vc_row][vc_column width=&#8221;1\/3&#8243;][vc_single_image image=&#8221;1907&#8243; alignment=&#8221;center&#8221; style=&#8221;vc_box_shadow_border_circle_2&#8243;][vc_column_text css=&#8221;.vc_custom_1443528730255{padding-right: 20px !important;padding-left: 20px !important;}&#8221;]<\/p>\n<h3 class=\"p1\" style=\"text-align: center;\">Eigenaar<\/h3>\n<p class=\"p1\">Om lid te zijn neemt men een aandeel in de co\u00f6peratieve. Om financi\u00eble hinderpalen weg te werken zijn er verschillende aandelen voorzien. Elke co\u00f6perant kan deelnemen aan de beslissingen door deel te nemen aan de algemene vergaderingen.<\/p>\n<p>[\/vc_column_text][\/vc_column][vc_column width=&#8221;1\/3&#8243;][vc_single_image image=&#8221;1908&#8243; alignment=&#8221;center&#8221; style=&#8221;vc_box_shadow_border_circle_2&#8243;][vc_column_text css=&#8221;.vc_custom_1443528763177{padding-right: 20px !important;padding-left: 20px !important;}&#8221;]<\/p>\n<h3 class=\"p1\" style=\"text-align: center;\">Personeelslid<\/h3>\n<h3 style=\"text-align: center;\"><\/h3>\n<p class=\"p1\">De co\u00f6perant engageert zich om 3 uur per maand voor de co\u00f6peratieve supermarkt te werken. Het gros van de taken wordt door de leden verzorgt : rekken aanvullen, kassa, schoonmaken, onderhoud, \u2026<\/p>\n<p>[\/vc_column_text][\/vc_column][vc_column width=&#8221;1\/3&#8243;][vc_single_image image=&#8221;1909&#8243; alignment=&#8221;center&#8221; style=&#8221;vc_box_shadow_border_circle_2&#8243;][vc_column_text css=&#8221;.vc_custom_1443528787383{padding-right: 20px !important;padding-left: 20px !important;}&#8221;]<\/p>\n<h3 class=\"p1\" style=\"text-align: center;\">Klant<\/h3>\n<h3 style=\"text-align: center;\"><\/h3>\n<p class=\"p1\">De\u00a0winkel is enkel toegankelijk voor de co\u00f6peranten. BEES Coop biedt de meeste voedingsproducten, en basisproducten voor onderhoud en hygi\u00ebne aan.<\/p>\n<p>[\/vc_column_text][\/vc_column][\/vc_row]<\/p>\n\n\n\n<p>[vc_row][vc_column][vc_empty_space height=&#8221;60px&#8221;][\/vc_column][\/vc_row][vc_row][vc_column][vc_text_separator title=&#8221;Zij zijn believers&#8221; title_size=&#8221;h2&#8243;][\/vc_column][\/vc_row]<\/p>\n\n\n<p>[vc_row][vc_column width=&#8221;1\/4&#8243;][vc_single_image image=&#8221;1399&#8243; alignment=&#8221;center&#8221; style=&#8221;vc_box_shadow_border_circle_2&#8243;][vc_column_text css=&#8221;.vc_custom_1443530610918{padding-right: 20px !important;padding-left: 20px !important;}&#8221;]<\/p>\n<p style=\"text-align: left;\"><b>Olivier De Schutter<\/b><\/p>\n<p style=\"text-align: left;\">Speciaal rapporteur van de Verenigde Naties\u00a0over het recht op\u00a0voedsel (2008-2014) en co-voorzitter van IPES- Food (International Panel of Experts on Sustainable Food Systems).<\/p>\n<p style=\"text-align: left;\"><em>&#8220;&#8230; <i><span style=\"font-weight: 400;\">de nood om duurzaam voedsel toegankelijk te maken voor iedereen&#8230;<\/span><\/i><span style=\"font-weight: 400;\">\u00a0&#8220;<\/span><\/em><\/p>\n<p>[\/vc_column_text][\/vc_column][vc_column width=&#8221;1\/4&#8243;][vc_single_image image=&#8221;1400&#8243; alignment=&#8221;center&#8221; style=&#8221;vc_box_shadow_border_circle_2&#8243;][vc_column_text css=&#8221;.vc_custom_1443530672134{padding-right: 20px !important;padding-left: 20px !important;}&#8221;]<\/p>\n<p style=\"text-align: left;\"><b>Tom Booth<\/b><\/p>\n<p style=\"text-align: left;\">Stichter van de co\u00f6peratie La Louve in Parijs<\/p>\n<p><i><span style=\"font-weight: 400;\">&#8220;Voor ons is het dus de ideale balans tussen idealisme en pragmatisme&#8221;<\/span><\/i>[\/vc_column_text][\/vc_column][vc_column width=&#8221;1\/4&#8243;][vc_single_image image=&#8221;1402&#8243; alignment=&#8221;center&#8221; style=&#8221;vc_box_shadow_border_circle_2&#8243;][vc_column_text css=&#8221;.vc_custom_1443530717101{padding-right: 20px !important;padding-left: 20px !important;}&#8221;]<\/p>\n<p style=\"text-align: left;\"><b>Christophe Kevelaer<\/b><\/p>\n<p>Adviseur bij COOPBURO<\/p>\n<p><i><span style=\"font-weight: 400;\">&#8220;Op basis van de mobilisatie en de actieve deelname van de leden, zorgt het ervoor dat de economie ten dienste van de mens en niet omgekeerd.&#8221;<\/span><\/i>[\/vc_column_text][\/vc_column][vc_column width=&#8221;1\/4&#8243;][vc_single_image image=&#8221;1409&#8243; style=&#8221;vc_box_shadow_border_circle_2&#8243;][vc_column_text css=&#8221;.vc_custom_1443530771863{padding-right: 20px !important;padding-left: 20px !important;}&#8221;]<\/p>\n<p style=\"text-align: left;\"><b>Sylvie Annet <\/b><\/p>\n<p>Verantwoordelijke sector ontwikkeling bij BioWallonie<\/p>\n<p><i><span style=\"font-weight: 400;\">&#8220;Het is een bijkomend instrument om de kwaliteitsprodukten van onze Waalse bio-producenten te herwaarderen, terwijl \u00a0deze tegelijkertijd duurzame afzetmogenlijkheden worden aangeboden&#8221;<\/span><\/i>[\/vc_column_text][\/vc_column][\/vc_row]<\/p>\n","protected":false},"excerpt":{"rendered":"<p>[vc_row][vc_column][vc_empty_space height=&#8221;60px&#8221;][\/vc_column][\/vc_row] [vc_row][vc_column][vc_empty_space height=&#8221;60px&#8221;][\/vc_column][\/vc_row][vc_row css=&#8221;.vc_custom_1441551102749{margin-right: 5px !important;margin-left: 5px !important;}&#8221;][vc_column][vc_text_separator title=&#8221;Onze waarden&#8221; title_size=&#8221;h2&#8243;][\/vc_column][\/vc_row] [vc_row][vc_column][vc_empty_space height=&#8221;60px&#8221;][\/vc_column][\/vc_row][vc_row][vc_column][vc_text_separator title=&#8221;Wat doen de leden ?&#8221; title_size=&#8221;h2&#8243;][\/vc_column][\/vc_row] [vc_row][vc_column][vc_empty_space height=&#8221;60px&#8221;][\/vc_column][\/vc_row][vc_row][vc_column][vc_text_separator title=&#8221;Zij zijn believers&#8221; title_size=&#8221;h2&#8243;][\/vc_column][\/vc_row]<\/p>\n","protected":false},"author":1,"featured_media":0,"parent":0,"menu_order":0,"comment_status":"closed","ping_status":"closed","template":"page-with-slider.php","meta":{"jetpack_post_was_ever_published":false,"footnotes":""},"class_list":["post-73","page","type-page","status-publish","hentry"],"yoast_head":"<!-- This site is optimized with the Yoast SEO plugin v26.8 - https:\/\/yoast.com\/product\/yoast-seo-wordpress\/ -->\n<title>Home - Bees Coop<\/title>\n<meta name=\"robots\" content=\"index, follow, max-snippet:-1, max-image-preview:large, max-video-preview:-1\" \/>\n<link rel=\"canonical\" href=\"http:\/\/bees-coop.be\/nl\/\" \/>\n<meta property=\"og:locale\" content=\"nl_NL\" \/>\n<meta property=\"og:type\" content=\"article\" \/>\n<meta property=\"og:title\" content=\"Home - Bees Coop\" \/>\n<meta property=\"og:description\" content=\"[vc_row][vc_column][vc_empty_space height=&#8221;60px&#8221;][\/vc_column][\/vc_row] [vc_row][vc_column][vc_empty_space height=&#8221;60px&#8221;][\/vc_column][\/vc_row][vc_row css=&#8221;.vc_custom_1441551102749{margin-right: 5px !important;margin-left: 5px !important;}&#8221;][vc_column][vc_text_separator title=&#8221;Onze waarden&#8221; title_size=&#8221;h2&#8243;][\/vc_column][\/vc_row] [vc_row][vc_column][vc_empty_space height=&#8221;60px&#8221;][\/vc_column][\/vc_row][vc_row][vc_column][vc_text_separator title=&#8221;Wat doen de leden ?&#8221; title_size=&#8221;h2&#8243;][\/vc_column][\/vc_row] [vc_row][vc_column][vc_empty_space height=&#8221;60px&#8221;][\/vc_column][\/vc_row][vc_row][vc_column][vc_text_separator title=&#8221;Zij zijn believers&#8221; title_size=&#8221;h2&#8243;][\/vc_column][\/vc_row]\" \/>\n<meta property=\"og:url\" content=\"http:\/\/bees-coop.be\/nl\/\" \/>\n<meta property=\"og:site_name\" content=\"Bees Coop\" \/>\n<meta property=\"article:publisher\" content=\"https:\/\/www.facebook.com\/pages\/BEES-Coop\/273765086151640\" \/>\n<meta property=\"article:modified_time\" content=\"2026-03-05T10:03:10+00:00\" \/>\n<meta property=\"og:image\" content=\"http:\/\/bees-coop.be\/wp-content\/uploads\/2015\/09\/beesco1.jpg\" \/>\n<meta name=\"twitter:card\" content=\"summary_large_image\" \/>\n<meta name=\"twitter:label1\" content=\"Geschatte leestijd\" \/>\n\t<meta name=\"twitter:data1\" content=\"4 minutes\" \/>\n<script type=\"application\/ld+json\" class=\"yoast-schema-graph\">{\"@context\":\"https:\/\/schema.org\",\"@graph\":[{\"@type\":\"WebPage\",\"@id\":\"http:\/\/bees-coop.be\/nl\/\",\"url\":\"http:\/\/bees-coop.be\/nl\/\",\"name\":\"Home - Bees Coop\",\"isPartOf\":{\"@id\":\"https:\/\/bees-coop.be\/#website\"},\"datePublished\":\"2015-08-18T09:22:12+00:00\",\"dateModified\":\"2026-03-05T10:03:10+00:00\",\"breadcrumb\":{\"@id\":\"http:\/\/bees-coop.be\/nl\/#breadcrumb\"},\"inLanguage\":\"nl-NL\",\"potentialAction\":[{\"@type\":\"ReadAction\",\"target\":[\"http:\/\/bees-coop.be\/nl\/\"]}]},{\"@type\":\"BreadcrumbList\",\"@id\":\"http:\/\/bees-coop.be\/nl\/#breadcrumb\",\"itemListElement\":[{\"@type\":\"ListItem\",\"position\":1,\"name\":\"Accueil\",\"item\":\"http:\/\/bees-coop.be\/nl\/\"},{\"@type\":\"ListItem\",\"position\":2,\"name\":\"Home\"}]},{\"@type\":\"WebSite\",\"@id\":\"https:\/\/bees-coop.be\/#website\",\"url\":\"https:\/\/bees-coop.be\/\",\"name\":\"Bees Coop\",\"description\":\"Supermarch\u00e9 coop\u00e9ratif et participatif\",\"publisher\":{\"@id\":\"https:\/\/bees-coop.be\/#organization\"},\"potentialAction\":[{\"@type\":\"SearchAction\",\"target\":{\"@type\":\"EntryPoint\",\"urlTemplate\":\"https:\/\/bees-coop.be\/?s={search_term_string}\"},\"query-input\":{\"@type\":\"PropertyValueSpecification\",\"valueRequired\":true,\"valueName\":\"search_term_string\"}}],\"inLanguage\":\"nl-NL\"},{\"@type\":\"Organization\",\"@id\":\"https:\/\/bees-coop.be\/#organization\",\"name\":\"BEES coop\",\"url\":\"https:\/\/bees-coop.be\/\",\"logo\":{\"@type\":\"ImageObject\",\"inLanguage\":\"nl-NL\",\"@id\":\"https:\/\/bees-coop.be\/#\/schema\/logo\/image\/\",\"url\":\"http:\/\/bees-coop.be\/wp-content\/uploads\/2014\/08\/Logo-BEES-coop-Pastille-RVB.png\",\"contentUrl\":\"http:\/\/bees-coop.be\/wp-content\/uploads\/2014\/08\/Logo-BEES-coop-Pastille-RVB.png\",\"width\":567,\"height\":567,\"caption\":\"BEES coop\"},\"image\":{\"@id\":\"https:\/\/bees-coop.be\/#\/schema\/logo\/image\/\"},\"sameAs\":[\"https:\/\/www.facebook.com\/pages\/BEES-Coop\/273765086151640\"]}]}<\/script>\n<!-- \/ Yoast SEO plugin. -->","yoast_head_json":{"title":"Home - Bees Coop","robots":{"index":"index","follow":"follow","max-snippet":"max-snippet:-1","max-image-preview":"max-image-preview:large","max-video-preview":"max-video-preview:-1"},"canonical":"http:\/\/bees-coop.be\/nl\/","og_locale":"nl_NL","og_type":"article","og_title":"Home - Bees Coop","og_description":"[vc_row][vc_column][vc_empty_space height=&#8221;60px&#8221;][\/vc_column][\/vc_row] [vc_row][vc_column][vc_empty_space height=&#8221;60px&#8221;][\/vc_column][\/vc_row][vc_row css=&#8221;.vc_custom_1441551102749{margin-right: 5px !important;margin-left: 5px !important;}&#8221;][vc_column][vc_text_separator title=&#8221;Onze waarden&#8221; title_size=&#8221;h2&#8243;][\/vc_column][\/vc_row] [vc_row][vc_column][vc_empty_space height=&#8221;60px&#8221;][\/vc_column][\/vc_row][vc_row][vc_column][vc_text_separator title=&#8221;Wat doen de leden ?&#8221; title_size=&#8221;h2&#8243;][\/vc_column][\/vc_row] [vc_row][vc_column][vc_empty_space height=&#8221;60px&#8221;][\/vc_column][\/vc_row][vc_row][vc_column][vc_text_separator title=&#8221;Zij zijn believers&#8221; title_size=&#8221;h2&#8243;][\/vc_column][\/vc_row]","og_url":"http:\/\/bees-coop.be\/nl\/","og_site_name":"Bees Coop","article_publisher":"https:\/\/www.facebook.com\/pages\/BEES-Coop\/273765086151640","article_modified_time":"2026-03-05T10:03:10+00:00","og_image":[{"url":"http:\/\/bees-coop.be\/wp-content\/uploads\/2015\/09\/beesco1.jpg","type":"","width":"","height":""}],"twitter_card":"summary_large_image","twitter_misc":{"Geschatte leestijd":"4 minutes"},"schema":{"@context":"https:\/\/schema.org","@graph":[{"@type":"WebPage","@id":"http:\/\/bees-coop.be\/nl\/","url":"http:\/\/bees-coop.be\/nl\/","name":"Home - Bees Coop","isPartOf":{"@id":"https:\/\/bees-coop.be\/#website"},"datePublished":"2015-08-18T09:22:12+00:00","dateModified":"2026-03-05T10:03:10+00:00","breadcrumb":{"@id":"http:\/\/bees-coop.be\/nl\/#breadcrumb"},"inLanguage":"nl-NL","potentialAction":[{"@type":"ReadAction","target":["http:\/\/bees-coop.be\/nl\/"]}]},{"@type":"BreadcrumbList","@id":"http:\/\/bees-coop.be\/nl\/#breadcrumb","itemListElement":[{"@type":"ListItem","position":1,"name":"Accueil","item":"http:\/\/bees-coop.be\/nl\/"},{"@type":"ListItem","position":2,"name":"Home"}]},{"@type":"WebSite","@id":"https:\/\/bees-coop.be\/#website","url":"https:\/\/bees-coop.be\/","name":"Bees Coop","description":"Supermarch\u00e9 coop\u00e9ratif et participatif","publisher":{"@id":"https:\/\/bees-coop.be\/#organization"},"potentialAction":[{"@type":"SearchAction","target":{"@type":"EntryPoint","urlTemplate":"https:\/\/bees-coop.be\/?s={search_term_string}"},"query-input":{"@type":"PropertyValueSpecification","valueRequired":true,"valueName":"search_term_string"}}],"inLanguage":"nl-NL"},{"@type":"Organization","@id":"https:\/\/bees-coop.be\/#organization","name":"BEES coop","url":"https:\/\/bees-coop.be\/","logo":{"@type":"ImageObject","inLanguage":"nl-NL","@id":"https:\/\/bees-coop.be\/#\/schema\/logo\/image\/","url":"http:\/\/bees-coop.be\/wp-content\/uploads\/2014\/08\/Logo-BEES-coop-Pastille-RVB.png","contentUrl":"http:\/\/bees-coop.be\/wp-content\/uploads\/2014\/08\/Logo-BEES-coop-Pastille-RVB.png","width":567,"height":567,"caption":"BEES coop"},"image":{"@id":"https:\/\/bees-coop.be\/#\/schema\/logo\/image\/"},"sameAs":["https:\/\/www.facebook.com\/pages\/BEES-Coop\/273765086151640"]}]}},"jetpack_sharing_enabled":true,"jetpack_shortlink":"https:\/\/wp.me\/P6C0MR-1b","_links":{"self":[{"href":"https:\/\/bees-coop.be\/nl\/wp-json\/wp\/v2\/pages\/73","targetHints":{"allow":["GET"]}}],"collection":[{"href":"https:\/\/bees-coop.be\/nl\/wp-json\/wp\/v2\/pages"}],"about":[{"href":"https:\/\/bees-coop.be\/nl\/wp-json\/wp\/v2\/types\/page"}],"author":[{"embeddable":true,"href":"https:\/\/bees-coop.be\/nl\/wp-json\/wp\/v2\/users\/1"}],"replies":[{"embeddable":true,"href":"https:\/\/bees-coop.be\/nl\/wp-json\/wp\/v2\/comments?post=73"}],"version-history":[{"count":135,"href":"https:\/\/bees-coop.be\/nl\/wp-json\/wp\/v2\/pages\/73\/revisions"}],"predecessor-version":[{"id":5092,"href":"https:\/\/bees-coop.be\/nl\/wp-json\/wp\/v2\/pages\/73\/revisions\/5092"}],"wp:attachment":[{"href":"https:\/\/bees-coop.be\/nl\/wp-json\/wp\/v2\/media?parent=73"}],"curies":[{"name":"wp","href":"https:\/\/api.w.org\/{rel}","templated":true}]}}