{"id":1980,"date":"2015-09-06T09:18:10","date_gmt":"2015-09-06T08:18:10","guid":{"rendered":"http:\/\/bees-coop.be\/le-supermarche\/comment-fonctionne-la-bees-coop\/"},"modified":"2024-11-04T11:51:18","modified_gmt":"2024-11-04T10:51:18","slug":"hoe-werkt-bees-coop","status":"publish","type":"page","link":"https:\/\/bees-coop.be\/nl\/supermarkt\/hoe-werkt-bees-coop\/","title":{"rendered":"Hoe werkt BEES coop ?"},"content":{"rendered":"<p>[vc_row][vc_column][vc_single_image image=&#8221;1710&#8243; img_size=&#8221;full&#8221; alignment=&#8221;center&#8221;][\/vc_column][\/vc_row][vc_row][vc_column][vc_column_text]BEES coop is de eerste co\u00f6peratieve, participatieve en zonder winstoogmerk \u00a0supermarkt van Brussel.<\/p>\n<p style=\"text-align: center;\"><span style=\"font-weight: 400;\">\u00a0<\/span><\/p>\n<p>[\/vc_column_text][\/vc_column][\/vc_row][vc_row][vc_column][vc_empty_space height=&#8221;60px&#8221;][\/vc_column][\/vc_row][vc_row][vc_column][vc_text_separator title=&#8221;Een co\u00f6peratief en participatief model&#8221; title_size=&#8221;h2&#8243;][vc_column_text]<\/p>\n<p style=\"text-align: center;\">Dit model is gebaseerd op de drievoudige inzet van zijn leden. Elk lid is zowel:<\/p>\n<p>[\/vc_column_text][\/vc_column][\/vc_row][vc_row][vc_column width=&#8221;1\/3&#8243;][vc_single_image image=&#8221;1907&#8243; alignment=&#8221;center&#8221; style=&#8221;vc_box_shadow_border_circle_2&#8243;][vc_column_text css=&#8221;.vc_custom_1443446270751{padding-right: 10px !important;padding-left: 10px !important;}&#8221;]<\/p>\n<h3 style=\"text-align: center;\"><b>Eigenaar\u00a0<\/b><\/h3>\n<p>Ieder lid wordt, door de aankoop van een aandeel, eigenaar van de co\u00f6peratie en beslist over de organisatie en ori\u00ebntaties van zijn supermarkt. Om de financi\u00eble toegankelijkheid te bevorderen, zijn [ verschillende soorten aandelen] voorzien.[\/vc_column_text][\/vc_column][vc_column width=&#8221;1\/3&#8243;][vc_single_image image=&#8221;1908&#8243; alignment=&#8221;center&#8221; style=&#8221;vc_box_shadow_border_circle_2&#8243;][vc_column_text css=&#8221;.vc_custom_1443446309811{padding-right: 10px !important;padding-left: 10px !important;}&#8221;]<\/p>\n<h3 style=\"text-align: center;\"><b>Werknemer <\/b><\/h3>\n<p>Hij verbindt zich ertoe drie uur per maand in de supermarkt te werken. De meerderheid van de taken worden door de leden uitgevoerd. Dit staat ons toe kosten te besparen en een co\u00f6peratieve dynamiek op te bouwen. De leden nemen alle taken op zich.[\/vc_column_text][\/vc_column][vc_column width=&#8221;1\/3&#8243;][vc_single_image image=&#8221;1909&#8243; alignment=&#8221;center&#8221; style=&#8221;vc_box_shadow_border_circle_2&#8243;][vc_column_text css=&#8221;.vc_custom_1730717449265{padding-right: 10px !important;padding-left: 10px !important;}&#8221;]<\/p>\n<h3 style=\"text-align: center;\"><b>Klant <\/b><\/h3>\n<p>De winkel is enkel toegankelijk voor de leden. BEES coop supermarkt zal kwalitatief hoogstaande voedingswaren, onderhoudsproducten en hygi\u00ebnische producten aanbieden tegen gereduceerde prijzen.[\/vc_column_text][\/vc_column][\/vc_row][vc_row][vc_column][vc_empty_space height=&#8221;60px&#8221;][\/vc_column][\/vc_row][vc_row][vc_column][vc_text_separator title=&#8221;Zonder winstoogmerk ?&#8221; title_size=&#8221;h2&#8243;][\/vc_column][\/vc_row][vc_row][vc_column width=&#8221;1\/3&#8243;][vc_column_text]<br \/>\n[\/vc_column_text][\/vc_column][vc_column width=&#8221;1\/3&#8243;][vc_column_text]BEES coop streeft ernaar rendabel en financieel onafhankelijk te zijn, zonder evenwel te proberen winst te maken (geen financi\u00eble dividenden). Daarom heeft BEES coop ervoor gekozen de vorm van een co\u00f6peratieve vennootschap met beperkte verantwoordelijkheid en sociaal oogmerk goedgekeurd door de Nationale Raad voor Samenwerking (CNC) aan te nemen.[\/vc_column_text][\/vc_column][vc_column width=&#8221;1\/3&#8243;][vc_column_text]<br \/>\n[\/vc_column_text][\/vc_column][\/vc_row][vc_row][vc_column][vc_empty_space height=&#8221;60px&#8221;][\/vc_column][\/vc_row][vc_row][vc_column][vc_media_grid gap=&#8221;0&#8243; grid_id=&#8221;vc_gid:1730717407147-b7796c52-68af-7&#8243; include=&#8221;1924,1936,1907&#8243;][\/vc_column][\/vc_row][vc_row][vc_column][vc_empty_space height=&#8221;60px&#8221;][\/vc_column][\/vc_row][vc_row][vc_column][vc_text_separator title=&#8221;Een democratische en innovatieve werking?&#8221; title_size=&#8221;h2&#8243;][\/vc_column][\/vc_row][vc_row][vc_column width=&#8221;1\/3&#8243;][vc_column_text]<\/p>\n<p><span style=\"font-weight: 400;\">BEES Coop is een collectief en zelfbestuurd project, opgebouwd door een grote gemeenschap van leden die op talloze manieren betrokken zijn. Onze bezorgdheid om de democratische en participatieve beginselen te respecteren leidt ertoe dat we horizontaal te werk gaan. Besluitvorming werkt volgens het principe van &#8220;\u00e9\u00e9n persoon, \u00e9\u00e9n stem&#8221; en de taken zijn verdeeld tussen verschillende werkgroepen. De projecten zijn legio: het zoeken van financiering, communicatie, het beheer van de aankoopgroep, de inrichting van het lokaal, de zoektocht naar producten, het aanwerven van leden, nadenken omtrent sociale diversiteit, etikettering, levering, diensten met betrekking tot de winkel, enz . Een open co\u00f6rdinatieteam centraliseert de informatie.<\/span><\/p>\n<p>[\/vc_column_text][\/vc_column][vc_column width=&#8221;1\/3&#8243;][vc_column_text]<\/p>\n<p><span style=\"font-weight: 400;\">Strategische beslissingen worden collectief genomen tijdens participatieve vergaderingen, terwijl de dagelijkse beslissingen genomen worden door leden van verschillende cellen en in de co\u00f6rdinatiegroep. Momenten van uitwisseling en co-constructie (de &#8220;werkvloeren van BEES&#8221;) worden ook regelmatig georganiseerd over specifieke thema&#8217;s. Dit is de gelegenheid om de leden die ge\u00efnteresseerd zijn in deze thema\u2019s te verzamelen om samen na te denken en voorstellen te doen.<\/span><\/p>\n<p>[\/vc_column_text][\/vc_column][vc_column width=&#8221;1\/3&#8243;][vc_column_text]<\/p>\n<p><span style=\"font-weight: 400;\">Twee werkgroepen moesten onder andere de toekomstige democratische werking van de co\u00f6peratie bedenken. Op deze basis is een groep samenwerkers het bestuur van de co\u00f6peratie concreet aan het ontwerpen. Dit wordt zeker zeer participatief en innovatief.<\/span><\/p>\n<p>[\/vc_column_text][\/vc_column][\/vc_row]<\/p>\n","protected":false},"excerpt":{"rendered":"<p>[vc_row][vc_column][vc_single_image image=&#8221;1710&#8243; img_size=&#8221;full&#8221; alignment=&#8221;center&#8221;][\/vc_column][\/vc_row][vc_row][vc_column][vc_column_text]BEES coop is de eerste co\u00f6peratieve, participatieve en zonder winstoogmerk \u00a0supermarkt van Brussel. \u00a0 [\/vc_column_text][\/vc_column][\/vc_row][vc_row][vc_column][vc_empty_space height=&#8221;60px&#8221;][\/vc_column][\/vc_row][vc_row][vc_column][vc_text_separator title=&#8221;Een co\u00f6peratief en participatief model&#8221; title_size=&#8221;h2&#8243;][vc_column_text] Dit model is gebaseerd op de drievoudige inzet van zijn leden. Elk lid is zowel: [\/vc_column_text][\/vc_column][\/vc_row][vc_row][vc_column width=&#8221;1\/3&#8243;][vc_single_image image=&#8221;1907&#8243; alignment=&#8221;center&#8221; style=&#8221;vc_box_shadow_border_circle_2&#8243;][vc_column_text css=&#8221;.vc_custom_1443446270751{padding-right: 10px !important;padding-left: 10px !important;}&#8221;] Eigenaar\u00a0 Ieder lid wordt, door [&hellip;]<\/p>\n","protected":false},"author":1,"featured_media":0,"parent":1978,"menu_order":0,"comment_status":"closed","ping_status":"closed","template":"","meta":{"jetpack_post_was_ever_published":false,"footnotes":""},"class_list":["post-1980","page","type-page","status-publish","hentry"],"yoast_head":"<!-- This site is optimized with the Yoast SEO plugin v26.8 - https:\/\/yoast.com\/product\/yoast-seo-wordpress\/ -->\n<title>Hoe werkt BEES coop ? - Bees Coop<\/title>\n<meta name=\"robots\" content=\"index, follow, max-snippet:-1, max-image-preview:large, max-video-preview:-1\" \/>\n<link rel=\"canonical\" href=\"https:\/\/bees-coop.be\/nl\/supermarkt\/hoe-werkt-bees-coop\/\" \/>\n<meta property=\"og:locale\" content=\"nl_NL\" \/>\n<meta property=\"og:type\" content=\"article\" \/>\n<meta property=\"og:title\" content=\"Hoe werkt BEES coop ? - Bees Coop\" \/>\n<meta property=\"og:description\" content=\"[vc_row][vc_column][vc_single_image image=&#8221;1710&#8243; img_size=&#8221;full&#8221; alignment=&#8221;center&#8221;][\/vc_column][\/vc_row][vc_row][vc_column][vc_column_text]BEES coop is de eerste co\u00f6peratieve, participatieve en zonder winstoogmerk \u00a0supermarkt van Brussel. \u00a0 [\/vc_column_text][\/vc_column][\/vc_row][vc_row][vc_column][vc_empty_space height=&#8221;60px&#8221;][\/vc_column][\/vc_row][vc_row][vc_column][vc_text_separator title=&#8221;Een co\u00f6peratief en participatief model&#8221; title_size=&#8221;h2&#8243;][vc_column_text] Dit model is gebaseerd op de drievoudige inzet van zijn leden. Elk lid is zowel: [\/vc_column_text][\/vc_column][\/vc_row][vc_row][vc_column width=&#8221;1\/3&#8243;][vc_single_image image=&#8221;1907&#8243; alignment=&#8221;center&#8221; style=&#8221;vc_box_shadow_border_circle_2&#8243;][vc_column_text css=&#8221;.vc_custom_1443446270751{padding-right: 10px !important;padding-left: 10px !important;}&#8221;] Eigenaar\u00a0 Ieder lid wordt, door [&hellip;]\" \/>\n<meta property=\"og:url\" content=\"https:\/\/bees-coop.be\/nl\/supermarkt\/hoe-werkt-bees-coop\/\" \/>\n<meta property=\"og:site_name\" content=\"Bees Coop\" \/>\n<meta property=\"article:publisher\" content=\"https:\/\/www.facebook.com\/pages\/BEES-Coop\/273765086151640\" \/>\n<meta property=\"article:modified_time\" content=\"2024-11-04T10:51:18+00:00\" \/>\n<meta property=\"og:image\" content=\"http:\/\/bees-coop.be\/wp-content\/uploads\/2015\/09\/beesco1.jpg\" \/>\n<meta name=\"twitter:card\" content=\"summary_large_image\" \/>\n<meta name=\"twitter:label1\" content=\"Geschatte leestijd\" \/>\n\t<meta name=\"twitter:data1\" content=\"4 minutes\" \/>\n<script type=\"application\/ld+json\" class=\"yoast-schema-graph\">{\"@context\":\"https:\/\/schema.org\",\"@graph\":[{\"@type\":\"WebPage\",\"@id\":\"https:\/\/bees-coop.be\/nl\/supermarkt\/hoe-werkt-bees-coop\/\",\"url\":\"https:\/\/bees-coop.be\/nl\/supermarkt\/hoe-werkt-bees-coop\/\",\"name\":\"Hoe werkt BEES coop ? - Bees Coop\",\"isPartOf\":{\"@id\":\"http:\/\/bees-coop.be\/#website\"},\"datePublished\":\"2015-09-06T08:18:10+00:00\",\"dateModified\":\"2024-11-04T10:51:18+00:00\",\"breadcrumb\":{\"@id\":\"https:\/\/bees-coop.be\/nl\/supermarkt\/hoe-werkt-bees-coop\/#breadcrumb\"},\"inLanguage\":\"nl-NL\",\"potentialAction\":[{\"@type\":\"ReadAction\",\"target\":[\"https:\/\/bees-coop.be\/nl\/supermarkt\/hoe-werkt-bees-coop\/\"]}]},{\"@type\":\"BreadcrumbList\",\"@id\":\"https:\/\/bees-coop.be\/nl\/supermarkt\/hoe-werkt-bees-coop\/#breadcrumb\",\"itemListElement\":[{\"@type\":\"ListItem\",\"position\":1,\"name\":\"Accueil\",\"item\":\"https:\/\/bees-coop.be\/nl\/\"},{\"@type\":\"ListItem\",\"position\":2,\"name\":\"Supermarkt\",\"item\":\"https:\/\/bees-coop.be\/nl\/supermarkt\/\"},{\"@type\":\"ListItem\",\"position\":3,\"name\":\"Hoe werkt BEES coop ?\"}]},{\"@type\":\"WebSite\",\"@id\":\"http:\/\/bees-coop.be\/#website\",\"url\":\"http:\/\/bees-coop.be\/\",\"name\":\"Bees Coop\",\"description\":\"Supermarch\u00e9 coop\u00e9ratif et participatif\",\"publisher\":{\"@id\":\"http:\/\/bees-coop.be\/#organization\"},\"potentialAction\":[{\"@type\":\"SearchAction\",\"target\":{\"@type\":\"EntryPoint\",\"urlTemplate\":\"http:\/\/bees-coop.be\/?s={search_term_string}\"},\"query-input\":{\"@type\":\"PropertyValueSpecification\",\"valueRequired\":true,\"valueName\":\"search_term_string\"}}],\"inLanguage\":\"nl-NL\"},{\"@type\":\"Organization\",\"@id\":\"http:\/\/bees-coop.be\/#organization\",\"name\":\"BEES coop\",\"url\":\"http:\/\/bees-coop.be\/\",\"logo\":{\"@type\":\"ImageObject\",\"inLanguage\":\"nl-NL\",\"@id\":\"http:\/\/bees-coop.be\/#\/schema\/logo\/image\/\",\"url\":\"http:\/\/bees-coop.be\/wp-content\/uploads\/2014\/08\/Logo-BEES-coop-Pastille-RVB.png\",\"contentUrl\":\"http:\/\/bees-coop.be\/wp-content\/uploads\/2014\/08\/Logo-BEES-coop-Pastille-RVB.png\",\"width\":567,\"height\":567,\"caption\":\"BEES coop\"},\"image\":{\"@id\":\"http:\/\/bees-coop.be\/#\/schema\/logo\/image\/\"},\"sameAs\":[\"https:\/\/www.facebook.com\/pages\/BEES-Coop\/273765086151640\"]}]}<\/script>\n<!-- \/ Yoast SEO plugin. -->","yoast_head_json":{"title":"Hoe werkt BEES coop ? - Bees Coop","robots":{"index":"index","follow":"follow","max-snippet":"max-snippet:-1","max-image-preview":"max-image-preview:large","max-video-preview":"max-video-preview:-1"},"canonical":"https:\/\/bees-coop.be\/nl\/supermarkt\/hoe-werkt-bees-coop\/","og_locale":"nl_NL","og_type":"article","og_title":"Hoe werkt BEES coop ? - Bees Coop","og_description":"[vc_row][vc_column][vc_single_image image=&#8221;1710&#8243; img_size=&#8221;full&#8221; alignment=&#8221;center&#8221;][\/vc_column][\/vc_row][vc_row][vc_column][vc_column_text]BEES coop is de eerste co\u00f6peratieve, participatieve en zonder winstoogmerk \u00a0supermarkt van Brussel. \u00a0 [\/vc_column_text][\/vc_column][\/vc_row][vc_row][vc_column][vc_empty_space height=&#8221;60px&#8221;][\/vc_column][\/vc_row][vc_row][vc_column][vc_text_separator title=&#8221;Een co\u00f6peratief en participatief model&#8221; title_size=&#8221;h2&#8243;][vc_column_text] Dit model is gebaseerd op de drievoudige inzet van zijn leden. Elk lid is zowel: [\/vc_column_text][\/vc_column][\/vc_row][vc_row][vc_column width=&#8221;1\/3&#8243;][vc_single_image image=&#8221;1907&#8243; alignment=&#8221;center&#8221; style=&#8221;vc_box_shadow_border_circle_2&#8243;][vc_column_text css=&#8221;.vc_custom_1443446270751{padding-right: 10px !important;padding-left: 10px !important;}&#8221;] Eigenaar\u00a0 Ieder lid wordt, door [&hellip;]","og_url":"https:\/\/bees-coop.be\/nl\/supermarkt\/hoe-werkt-bees-coop\/","og_site_name":"Bees Coop","article_publisher":"https:\/\/www.facebook.com\/pages\/BEES-Coop\/273765086151640","article_modified_time":"2024-11-04T10:51:18+00:00","og_image":[{"url":"http:\/\/bees-coop.be\/wp-content\/uploads\/2015\/09\/beesco1.jpg","type":"","width":"","height":""}],"twitter_card":"summary_large_image","twitter_misc":{"Geschatte leestijd":"4 minutes"},"schema":{"@context":"https:\/\/schema.org","@graph":[{"@type":"WebPage","@id":"https:\/\/bees-coop.be\/nl\/supermarkt\/hoe-werkt-bees-coop\/","url":"https:\/\/bees-coop.be\/nl\/supermarkt\/hoe-werkt-bees-coop\/","name":"Hoe werkt BEES coop ? - Bees Coop","isPartOf":{"@id":"http:\/\/bees-coop.be\/#website"},"datePublished":"2015-09-06T08:18:10+00:00","dateModified":"2024-11-04T10:51:18+00:00","breadcrumb":{"@id":"https:\/\/bees-coop.be\/nl\/supermarkt\/hoe-werkt-bees-coop\/#breadcrumb"},"inLanguage":"nl-NL","potentialAction":[{"@type":"ReadAction","target":["https:\/\/bees-coop.be\/nl\/supermarkt\/hoe-werkt-bees-coop\/"]}]},{"@type":"BreadcrumbList","@id":"https:\/\/bees-coop.be\/nl\/supermarkt\/hoe-werkt-bees-coop\/#breadcrumb","itemListElement":[{"@type":"ListItem","position":1,"name":"Accueil","item":"https:\/\/bees-coop.be\/nl\/"},{"@type":"ListItem","position":2,"name":"Supermarkt","item":"https:\/\/bees-coop.be\/nl\/supermarkt\/"},{"@type":"ListItem","position":3,"name":"Hoe werkt BEES coop ?"}]},{"@type":"WebSite","@id":"http:\/\/bees-coop.be\/#website","url":"http:\/\/bees-coop.be\/","name":"Bees Coop","description":"Supermarch\u00e9 coop\u00e9ratif et participatif","publisher":{"@id":"http:\/\/bees-coop.be\/#organization"},"potentialAction":[{"@type":"SearchAction","target":{"@type":"EntryPoint","urlTemplate":"http:\/\/bees-coop.be\/?s={search_term_string}"},"query-input":{"@type":"PropertyValueSpecification","valueRequired":true,"valueName":"search_term_string"}}],"inLanguage":"nl-NL"},{"@type":"Organization","@id":"http:\/\/bees-coop.be\/#organization","name":"BEES coop","url":"http:\/\/bees-coop.be\/","logo":{"@type":"ImageObject","inLanguage":"nl-NL","@id":"http:\/\/bees-coop.be\/#\/schema\/logo\/image\/","url":"http:\/\/bees-coop.be\/wp-content\/uploads\/2014\/08\/Logo-BEES-coop-Pastille-RVB.png","contentUrl":"http:\/\/bees-coop.be\/wp-content\/uploads\/2014\/08\/Logo-BEES-coop-Pastille-RVB.png","width":567,"height":567,"caption":"BEES coop"},"image":{"@id":"http:\/\/bees-coop.be\/#\/schema\/logo\/image\/"},"sameAs":["https:\/\/www.facebook.com\/pages\/BEES-Coop\/273765086151640"]}]}},"jetpack_sharing_enabled":true,"jetpack_shortlink":"https:\/\/wp.me\/P6C0MR-vW","_links":{"self":[{"href":"https:\/\/bees-coop.be\/nl\/wp-json\/wp\/v2\/pages\/1980","targetHints":{"allow":["GET"]}}],"collection":[{"href":"https:\/\/bees-coop.be\/nl\/wp-json\/wp\/v2\/pages"}],"about":[{"href":"https:\/\/bees-coop.be\/nl\/wp-json\/wp\/v2\/types\/page"}],"author":[{"embeddable":true,"href":"https:\/\/bees-coop.be\/nl\/wp-json\/wp\/v2\/users\/1"}],"replies":[{"embeddable":true,"href":"https:\/\/bees-coop.be\/nl\/wp-json\/wp\/v2\/comments?post=1980"}],"version-history":[{"count":8,"href":"https:\/\/bees-coop.be\/nl\/wp-json\/wp\/v2\/pages\/1980\/revisions"}],"predecessor-version":[{"id":4930,"href":"https:\/\/bees-coop.be\/nl\/wp-json\/wp\/v2\/pages\/1980\/revisions\/4930"}],"up":[{"embeddable":true,"href":"https:\/\/bees-coop.be\/nl\/wp-json\/wp\/v2\/pages\/1978"}],"wp:attachment":[{"href":"https:\/\/bees-coop.be\/nl\/wp-json\/wp\/v2\/media?parent=1980"}],"curies":[{"name":"wp","href":"https:\/\/api.w.org\/{rel}","templated":true}]}}