{"id":2840,"date":"2016-05-27T14:54:50","date_gmt":"2016-05-27T13:54:50","guid":{"rendered":"http:\/\/bees-coop.be\/nl\/?page_id=2840"},"modified":"2018-10-04T10:55:03","modified_gmt":"2018-10-04T09:55:03","slug":"actualiteit","status":"publish","type":"page","link":"http:\/\/bees-coop.be\/nl\/actualiteit\/","title":{"rendered":"Actualiteit"},"content":{"rendered":"<p>[vc_row][vc_column][vc_single_image image=&#8221;1711&#8243; img_size=&#8221;full&#8221; alignment=&#8221;center&#8221;][\/vc_column][\/vc_row][vc_row][vc_column][vc_empty_space][\/vc_column][\/vc_row][vc_row][vc_column width=&#8221;1\/4&#8243;][vc_column_text][\/vc_column_text][\/vc_column][vc_column width=&#8221;1\/2&#8243;][vc_column_text]<\/p>\n<p class=\"p1\"><span class=\"s1\">Het is erg moeilijk voor ons om de site altijd actueel te houden in beide talen. Aarzel niet om naar de Franse versie te kijken voor de <a href=\"http:\/\/bees-coop.be\/actualites\/\">laatste nieuwtjes<\/a> en ons jullie medewerking voor te stellen, zodat ook de Nederlandse versie up to date blijft.<\/span><\/p>\n<p class=\"p3\"><span class=\"s1\">We willen een tweetalig project ( Nederlands-Frans) opbouwen, maar we hebben te weinig Nederlandstaligen om ons uit de nood te helpen. Wil je graag helpen\u00a0? Stuur dan een mail naar <a href=\"mailto:com@bees-coop.be\"><span class=\"s2\">com@bees-coop.be<\/span><\/a> (je kan in het Nederlands schrijven, we soreken ook Nederlands!) en leg ons in enkele woorden uit wat je kan en wilt doen.<\/span><\/p>\n<hr \/>\n<h3 class=\"p3\" style=\"text-align: center;\">BEES COOP WERKT DANKZIJ DE COMIT\u00c9S. MAAK ER DEEL VAN UIT!<\/h3>\n<p>BEES coop is een supermarkt maar ook en vooral een participatief burgerproject. Zonder de energie van tientallen mensen die in dit avontuur hebben geloofd, zou BEES wellicht niet zo ver kunnen staan en zeker niet op zo\u2019n korte tijd.<\/p>\n<p>Het idee van BEES coop ontstond vijf jaar geleden. Ontelbaar zijn het aantal onthaalsessies, focus infoavonden, participatietrajecten die sindsdien georganiseerd werden. Hoeveel vergaderingen vonden plaats in grote groep? in subgroep? met drie maar met het idee dat de personen die aanwezig zijn de juiste zijn? Hoeveel nieuwsbrieven? Hoeveel\u2026 Kortom, het is duidelijk: BEES coop is een verhaal geschreven door tientallen hoofden en handen.<\/p>\n<p>Vandaag, nu de supermarkt (bijna) op kruissnelheid is, zijn er heel wat mensen die veel gegeven hebben en nu een pauze willen nemen, nieuwe avonturen willen opstarten, het ruimer willen zien. Het is een scharniermoment in het leven van de co\u00f6peratieve; het gaat er immers om met even veel energie verder te werken, de fakkel door te geven, bepaalde teams gedeeltelijk te vernieuwen.<\/p>\n<p>Daarom hieronder de lijst van de comit\u00e9s die enorm blij zullen zijn met nieuwe leden. Ter herinnering, de betrokkenheid bij een comit\u00e9 kan beschouwd worden als een shift van 2u45 per maand.<\/p>\n<hr \/>\n<p>&nbsp;<\/p>\n<h4>Het Gezelligheidscomit\u00e9<\/h4>\n<p>Blaast leven in de supermarkt met de organisatie van allerhande evenementen: film met debat, tadaam, proeverijen, workshops en kennisuitwisseling\u2026 Het Gezelligheidscomit\u00e9 werkt ook mee aan de logistieke organisatie van de Algemene Vergadering.<br \/>\nInzet: zeer variabel, afhankelijk van de evenementen.<br \/>\nContact : convivialite@bees-coop.be<\/p>\n<h4>Het BEESDOO-comit\u00e9<\/h4>\n<p>Verzorgt de helpdesk voor de andere comit\u00e9s, formuleert functionele technieken en oplossingen en ontwikkelingen volgens de behoeften.<br \/>\nOntwikkelt in overleg met het Communicatiecomit\u00e9 en het Ledenbeheercomit\u00e9 een intranet.<br \/>\nOntwikkelt de website.<br \/>\nOndersteunt de IT en de drive\/aankoop van BEES.<br \/>\nLeidt sleutelgebruikers op en begeleidt ze (samen met het Ledenbeheercomit\u00e9).<\/p>\n<p>Gezocht profiel: bij voorkeur developpers (Python, XML, Open Object). Als een meer uitvoerend profiel een handje wil toesteken bij het beheer van het project van het comit\u00e9, m\u00e9\u00e9r dan welkom!<br \/>\nInzet: 1 namiddag vergaderen per maand (in het weekend). Elk lid van het comit\u00e9 werkt zelf voort aan zijn\/haar ontwikkelingen. Er wordt van de leden van het comit\u00e9 een inzet van ten minste 2u45 per maand gevraagd.<br \/>\nContact : va.mercier@gmail.com<\/p>\n<h4>Het comit\u00e9 Ledenbureau<\/h4>\n<p>Beheert alle vragen over de inschrijving, het vertrek en het werk van de co\u00f6peranten van BEES coop.<br \/>\nbeheer van de inschrijving en het vertrek van de leden (administratieve en wettelijke opvolging).<br \/>\norganiseert het werk van de co\u00f6peranten in de winkel.<br \/>\nco\u00f6rdineert de shifts Admin-Bureau van de leden en ziet erop toe.<br \/>\nbeheert de mailboxen membre@bees-coop.be en volant@bees-coop.be.<br \/>\nheeft initiatiefrecht voor wijzigingen aan de handleiding voor leden.<br \/>\nis soeverein om specifieke vrijstellingen te geven.<br \/>\nGezocht profiel: geen specifieke competenties behalve vertrouwd zijn met het informaticaprogramma en vlot sociale contacten kunnen leggen.<br \/>\nInzet: 1 vergadering van 1u30 om de twee weken &#8211; 3u (vlottend uurrooster op computer + aanwezigheid op het Ledenbureau)<br \/>\nContact : membre@bees-coop.be<\/p>\n<h4>Het comit\u00e9 Infosessies<\/h4>\n<p>plant de data van de sessies.<br \/>\nanimeert de infosessies (interactieve presentatie, bezoek aan de winkel).<br \/>\nzorgt voor uitwisseling van ervaringen tussen animatoren.<br \/>\nactualiseert de visuele ondersteuning (slides)<br \/>\nontwikkelt nieuwe dragers (vb. meertaligheid)<br \/>\nGezocht profiel: vlotte spreker voor een publiek, algemene kennis van BEES (werking, structuur, geschiedenis&#8230;), meertalig, enthousiast, communicatief.<br \/>\nInzet: 1 vergadering van 2 u per maand. Elke deelnemer staat in voor 1 infosessie per maand (2u)<br \/>\nContact : membre@bees-coop.be<\/p>\n<h4>Het Beheerscomit\u00e9<\/h4>\n<p>Zelfmanagement en collectieve intelligentie lijken jou cruciaal voor de rekken van BEES coop? Het Beheerscomit\u00e9 biedt je een opleiding aan om te kunnen meewerken aan zijn verschillende opdrachten:<br \/>\neen beheersstructuur ontwikkelen en de goede democratische werking van BEES coop verzekeren.<br \/>\nde ontwikkeling en goede werking van verschillende comit\u00e9s begeleiden.<br \/>\nbepaalde beslissingsprocessen begeleiden en faciliteren (vb. binnen de comit\u00e9s).<br \/>\ndebatten en participatie animeren (transversale vergaderingen, werven\u2026)<br \/>\neen pool facilitatoren binnen BEES coop ontwikkelen om de leden van de comit\u00e9s te kunnen bijstaan in hun behoeften aan facilitatie en animatie.<br \/>\nCollectiv-a (collectief van professionele facilitatoren) zal het Beheerscomit\u00e9 bijstaan<br \/>\neen dag opleiding facilitatie en gedeeld beheer<br \/>\noverdracht van technieken en toezicht op de vergadering van het comit\u00e9<br \/>\nco-animatie en\/of toezicht op participatieve momenten binnen de co\u00f6peratieve.<br \/>\nGezocht profiel: (een beetje) ervaring met animatie en\/of facilitatie van collectieve processen<br \/>\nInzet: een eerste vergadering zal plaatsvinden in juni en het nieuwe comit\u00e9 wordt opgestart in september. E\u00e9n vergadering per maand.<br \/>\nContact : gouvernance@bees-coop.be<\/p>\n<h4>Het Boekhoudcomit\u00e9<\/h4>\n<p>Het Boekhoudcomit\u00e9 zoekt zeer uiteenlopende profielen, gaande van de invoer van facturen tot de algemene controle van de rekeningen over het stockbeheer. Een vijftigtal personen zouden het dit comit\u00e9 mogelijk maken rustig vooruit te gaan. Indien je iets voelt voor cijfers, stuur dan zeker een e-mail.<br \/>\nGezocht profiel: ervaren boekhouders, mensen met een beetje ervaring met boekhouding en financi\u00ebn, beheerscontrole, financi\u00eble controle maar ook teammanagement, BI-ontwikkeling, ervaren ODOO-gebruikers.<br \/>\nInzet: van 3 tot 8 uren per maand, afhankelijk van de odpracht.<br \/>\nContact : coline@bees-coop.be<\/p>\n<h4>Het Vertaalcomit\u00e9<\/h4>\n<p>Bij BEES is de werktaal Frans maar we proberen te streven naar tweetaligheid Frans \/ Nederlands. Een team van een twintigtal vertalers is al aan de slag, maar om tot een totale tweetalige communicatie te komen is een co\u00f6rdinator noodzakelijk.<br \/>\nGezocht profiel: teamco\u00f6rdinatie, reactiviteit<br \/>\nInzet: ongetwijfeld een tiental uren om zich in te werken en zicht te krijgen op de bestaande situatie, vervolgens hoofdzakelijk opvolging via e-mail.<br \/>\nContact : colinedubuisson@gmail.com[\/vc_column_text][\/vc_column][vc_column width=&#8221;1\/4&#8243;][\/vc_column][\/vc_row]<\/p>\n","protected":false},"excerpt":{"rendered":"<p>[vc_row][vc_column][vc_single_image image=&#8221;1711&#8243; img_size=&#8221;full&#8221; alignment=&#8221;center&#8221;][\/vc_column][\/vc_row][vc_row][vc_column][vc_empty_space][\/vc_column][\/vc_row][vc_row][vc_column width=&#8221;1\/4&#8243;][vc_column_text][\/vc_column_text][\/vc_column][vc_column width=&#8221;1\/2&#8243;][vc_column_text] Het is erg moeilijk voor ons om de site altijd actueel te houden in beide talen. Aarzel niet om naar de Franse versie te kijken voor de laatste nieuwtjes en ons jullie medewerking voor te stellen, zodat ook de Nederlandse versie up to date blijft. We willen een tweetalig [&hellip;]<\/p>\n","protected":false},"author":1,"featured_media":0,"parent":0,"menu_order":0,"comment_status":"closed","ping_status":"closed","template":"","meta":{"jetpack_post_was_ever_published":false,"footnotes":""},"class_list":["post-2840","page","type-page","status-publish","hentry"],"yoast_head":"<!-- This site is optimized with the Yoast SEO plugin v26.8 - https:\/\/yoast.com\/product\/yoast-seo-wordpress\/ -->\n<title>Actualiteit - Bees Coop<\/title>\n<meta name=\"robots\" content=\"index, follow, max-snippet:-1, max-image-preview:large, max-video-preview:-1\" \/>\n<link rel=\"canonical\" href=\"https:\/\/bees-coop.be\/nl\/actualiteit\/\" \/>\n<meta property=\"og:locale\" content=\"nl_NL\" \/>\n<meta property=\"og:type\" content=\"article\" \/>\n<meta property=\"og:title\" content=\"Actualiteit - Bees Coop\" \/>\n<meta property=\"og:description\" content=\"[vc_row][vc_column][vc_single_image image=&#8221;1711&#8243; img_size=&#8221;full&#8221; alignment=&#8221;center&#8221;][\/vc_column][\/vc_row][vc_row][vc_column][vc_empty_space][\/vc_column][\/vc_row][vc_row][vc_column width=&#8221;1\/4&#8243;][vc_column_text][\/vc_column_text][\/vc_column][vc_column width=&#8221;1\/2&#8243;][vc_column_text] Het is erg moeilijk voor ons om de site altijd actueel te houden in beide talen. Aarzel niet om naar de Franse versie te kijken voor de laatste nieuwtjes en ons jullie medewerking voor te stellen, zodat ook de Nederlandse versie up to date blijft. We willen een tweetalig [&hellip;]\" \/>\n<meta property=\"og:url\" content=\"https:\/\/bees-coop.be\/nl\/actualiteit\/\" \/>\n<meta property=\"og:site_name\" content=\"Bees Coop\" \/>\n<meta property=\"article:publisher\" content=\"https:\/\/www.facebook.com\/pages\/BEES-Coop\/273765086151640\" \/>\n<meta property=\"article:modified_time\" content=\"2018-10-04T09:55:03+00:00\" \/>\n<meta property=\"og:image\" content=\"http:\/\/bees-coop.be\/wp-content\/uploads\/2015\/09\/beesco1.jpg\" \/>\n<meta name=\"twitter:card\" content=\"summary_large_image\" \/>\n<meta name=\"twitter:label1\" content=\"Geschatte leestijd\" \/>\n\t<meta name=\"twitter:data1\" content=\"5 minutes\" \/>\n<script type=\"application\/ld+json\" class=\"yoast-schema-graph\">{\"@context\":\"https:\/\/schema.org\",\"@graph\":[{\"@type\":\"WebPage\",\"@id\":\"https:\/\/bees-coop.be\/nl\/actualiteit\/\",\"url\":\"https:\/\/bees-coop.be\/nl\/actualiteit\/\",\"name\":\"Actualiteit - Bees Coop\",\"isPartOf\":{\"@id\":\"https:\/\/bees-coop.be\/#website\"},\"datePublished\":\"2016-05-27T13:54:50+00:00\",\"dateModified\":\"2018-10-04T09:55:03+00:00\",\"breadcrumb\":{\"@id\":\"https:\/\/bees-coop.be\/nl\/actualiteit\/#breadcrumb\"},\"inLanguage\":\"nl-NL\",\"potentialAction\":[{\"@type\":\"ReadAction\",\"target\":[\"https:\/\/bees-coop.be\/nl\/actualiteit\/\"]}]},{\"@type\":\"BreadcrumbList\",\"@id\":\"https:\/\/bees-coop.be\/nl\/actualiteit\/#breadcrumb\",\"itemListElement\":[{\"@type\":\"ListItem\",\"position\":1,\"name\":\"Accueil\",\"item\":\"https:\/\/bees-coop.be\/nl\/\"},{\"@type\":\"ListItem\",\"position\":2,\"name\":\"Actualiteit\"}]},{\"@type\":\"WebSite\",\"@id\":\"https:\/\/bees-coop.be\/#website\",\"url\":\"https:\/\/bees-coop.be\/\",\"name\":\"Bees Coop\",\"description\":\"Supermarch\u00e9 coop\u00e9ratif et participatif\",\"publisher\":{\"@id\":\"https:\/\/bees-coop.be\/#organization\"},\"potentialAction\":[{\"@type\":\"SearchAction\",\"target\":{\"@type\":\"EntryPoint\",\"urlTemplate\":\"https:\/\/bees-coop.be\/?s={search_term_string}\"},\"query-input\":{\"@type\":\"PropertyValueSpecification\",\"valueRequired\":true,\"valueName\":\"search_term_string\"}}],\"inLanguage\":\"nl-NL\"},{\"@type\":\"Organization\",\"@id\":\"https:\/\/bees-coop.be\/#organization\",\"name\":\"BEES coop\",\"url\":\"https:\/\/bees-coop.be\/\",\"logo\":{\"@type\":\"ImageObject\",\"inLanguage\":\"nl-NL\",\"@id\":\"https:\/\/bees-coop.be\/#\/schema\/logo\/image\/\",\"url\":\"http:\/\/bees-coop.be\/wp-content\/uploads\/2014\/08\/Logo-BEES-coop-Pastille-RVB.png\",\"contentUrl\":\"http:\/\/bees-coop.be\/wp-content\/uploads\/2014\/08\/Logo-BEES-coop-Pastille-RVB.png\",\"width\":567,\"height\":567,\"caption\":\"BEES coop\"},\"image\":{\"@id\":\"https:\/\/bees-coop.be\/#\/schema\/logo\/image\/\"},\"sameAs\":[\"https:\/\/www.facebook.com\/pages\/BEES-Coop\/273765086151640\"]}]}<\/script>\n<!-- \/ Yoast SEO plugin. -->","yoast_head_json":{"title":"Actualiteit - Bees Coop","robots":{"index":"index","follow":"follow","max-snippet":"max-snippet:-1","max-image-preview":"max-image-preview:large","max-video-preview":"max-video-preview:-1"},"canonical":"https:\/\/bees-coop.be\/nl\/actualiteit\/","og_locale":"nl_NL","og_type":"article","og_title":"Actualiteit - Bees Coop","og_description":"[vc_row][vc_column][vc_single_image image=&#8221;1711&#8243; img_size=&#8221;full&#8221; alignment=&#8221;center&#8221;][\/vc_column][\/vc_row][vc_row][vc_column][vc_empty_space][\/vc_column][\/vc_row][vc_row][vc_column width=&#8221;1\/4&#8243;][vc_column_text][\/vc_column_text][\/vc_column][vc_column width=&#8221;1\/2&#8243;][vc_column_text] Het is erg moeilijk voor ons om de site altijd actueel te houden in beide talen. Aarzel niet om naar de Franse versie te kijken voor de laatste nieuwtjes en ons jullie medewerking voor te stellen, zodat ook de Nederlandse versie up to date blijft. We willen een tweetalig [&hellip;]","og_url":"https:\/\/bees-coop.be\/nl\/actualiteit\/","og_site_name":"Bees Coop","article_publisher":"https:\/\/www.facebook.com\/pages\/BEES-Coop\/273765086151640","article_modified_time":"2018-10-04T09:55:03+00:00","og_image":[{"url":"http:\/\/bees-coop.be\/wp-content\/uploads\/2015\/09\/beesco1.jpg","type":"","width":"","height":""}],"twitter_card":"summary_large_image","twitter_misc":{"Geschatte leestijd":"5 minutes"},"schema":{"@context":"https:\/\/schema.org","@graph":[{"@type":"WebPage","@id":"https:\/\/bees-coop.be\/nl\/actualiteit\/","url":"https:\/\/bees-coop.be\/nl\/actualiteit\/","name":"Actualiteit - Bees Coop","isPartOf":{"@id":"https:\/\/bees-coop.be\/#website"},"datePublished":"2016-05-27T13:54:50+00:00","dateModified":"2018-10-04T09:55:03+00:00","breadcrumb":{"@id":"https:\/\/bees-coop.be\/nl\/actualiteit\/#breadcrumb"},"inLanguage":"nl-NL","potentialAction":[{"@type":"ReadAction","target":["https:\/\/bees-coop.be\/nl\/actualiteit\/"]}]},{"@type":"BreadcrumbList","@id":"https:\/\/bees-coop.be\/nl\/actualiteit\/#breadcrumb","itemListElement":[{"@type":"ListItem","position":1,"name":"Accueil","item":"https:\/\/bees-coop.be\/nl\/"},{"@type":"ListItem","position":2,"name":"Actualiteit"}]},{"@type":"WebSite","@id":"https:\/\/bees-coop.be\/#website","url":"https:\/\/bees-coop.be\/","name":"Bees Coop","description":"Supermarch\u00e9 coop\u00e9ratif et participatif","publisher":{"@id":"https:\/\/bees-coop.be\/#organization"},"potentialAction":[{"@type":"SearchAction","target":{"@type":"EntryPoint","urlTemplate":"https:\/\/bees-coop.be\/?s={search_term_string}"},"query-input":{"@type":"PropertyValueSpecification","valueRequired":true,"valueName":"search_term_string"}}],"inLanguage":"nl-NL"},{"@type":"Organization","@id":"https:\/\/bees-coop.be\/#organization","name":"BEES coop","url":"https:\/\/bees-coop.be\/","logo":{"@type":"ImageObject","inLanguage":"nl-NL","@id":"https:\/\/bees-coop.be\/#\/schema\/logo\/image\/","url":"http:\/\/bees-coop.be\/wp-content\/uploads\/2014\/08\/Logo-BEES-coop-Pastille-RVB.png","contentUrl":"http:\/\/bees-coop.be\/wp-content\/uploads\/2014\/08\/Logo-BEES-coop-Pastille-RVB.png","width":567,"height":567,"caption":"BEES coop"},"image":{"@id":"https:\/\/bees-coop.be\/#\/schema\/logo\/image\/"},"sameAs":["https:\/\/www.facebook.com\/pages\/BEES-Coop\/273765086151640"]}]}},"jetpack_sharing_enabled":true,"jetpack_shortlink":"https:\/\/wp.me\/P6C0MR-JO","_links":{"self":[{"href":"http:\/\/bees-coop.be\/nl\/wp-json\/wp\/v2\/pages\/2840","targetHints":{"allow":["GET"]}}],"collection":[{"href":"http:\/\/bees-coop.be\/nl\/wp-json\/wp\/v2\/pages"}],"about":[{"href":"http:\/\/bees-coop.be\/nl\/wp-json\/wp\/v2\/types\/page"}],"author":[{"embeddable":true,"href":"http:\/\/bees-coop.be\/nl\/wp-json\/wp\/v2\/users\/1"}],"replies":[{"embeddable":true,"href":"http:\/\/bees-coop.be\/nl\/wp-json\/wp\/v2\/comments?post=2840"}],"version-history":[{"count":3,"href":"http:\/\/bees-coop.be\/nl\/wp-json\/wp\/v2\/pages\/2840\/revisions"}],"predecessor-version":[{"id":3772,"href":"http:\/\/bees-coop.be\/nl\/wp-json\/wp\/v2\/pages\/2840\/revisions\/3772"}],"wp:attachment":[{"href":"http:\/\/bees-coop.be\/nl\/wp-json\/wp\/v2\/media?parent=2840"}],"curies":[{"name":"wp","href":"https:\/\/api.w.org\/{rel}","templated":true}]}}