{"id":1962,"date":"2015-08-18T12:42:23","date_gmt":"2015-08-18T11:42:23","guid":{"rendered":"http:\/\/bees-coop.be\/producteurs-2\/"},"modified":"2015-09-30T14:49:19","modified_gmt":"2015-09-30T13:49:19","slug":"producenten","status":"publish","type":"page","link":"http:\/\/bees-coop.be\/nl\/producenten\/","title":{"rendered":"De producenten"},"content":{"rendered":"<p>[vc_row][vc_column][vc_single_image image=&#8221;1712&#8243; img_size=&#8221;full&#8221; alignment=&#8221;center&#8221;][\/vc_column][\/vc_row][vc_row][vc_column width=&#8221;1\/3&#8243;][vc_single_image image=&#8221;510&#8243; alignment=&#8221;center&#8221; style=&#8221;vc_box_shadow_border_circle_2&#8243;][vc_column_text]<\/p>\n<h3 style=\"text-align: center;\">Korte circuits en commerci\u00eble partnerschappen<\/h3>\n<p><span style=\"font-weight: 400;\">Op dit moment werk de aankoopgroep voor niet bederfelijke producten van BEES Coop samen \u00a0met een vijftiental Belgische producenten, het merendeel in directe lijn, om zo hun producten aan de co\u00f6peranten te kunnen aanbieden.<\/span><\/p>\n<p><span style=\"font-weight: 400;\">BEES Coop neemt zich voor een maximum aan korte circuits te ontwikkelen met het oog op de wederzijds voordelige relatie die hiervan het resultaat is\u00a0: een goede prijs verzekeren aan de producten en tegelijkertijd verse producten van hoge kwaliteit tegen een redelijke prijs aanbieden aan de co\u00f6peranten. In dit kader is BEES Coop \u00e9\u00e9n van de initiatiefnemers van het CHOUD&#8217;Bruxelles-project met als doel het opzetten van een logistieke aankooplijn in Brussel voor lokale producten die zowel voor de producenten als voor de handelaars effici\u00ebnt en intelligent verloopt.<\/span><\/p>\n<p>[\/vc_column_text][\/vc_column][vc_column width=&#8221;1\/3&#8243;][vc_single_image image=&#8221;1926&#8243; alignment=&#8221;center&#8221; style=&#8221;vc_box_shadow_border_circle_2&#8243;][vc_column_text]<\/p>\n<h3 style=\"text-align: center;\">Faire prijzen<\/h3>\n<p><span style=\"font-weight: 400;\">BEES Coop heeft een oprecht engagement om de lokale economie te steunen door de voorkeur te geven aan lokale en\/of biologische producten. BEES Coop neemt zich voor om een juiste prijspolitiek te ontwikkelen\u00a0: een prijs die zo toegankelijk mogelijk is voor de consumenten en tegelijkertijd het werk van de producenten zo correct mogelijk vergoedt.<\/span><\/p>\n<p><span style=\"font-weight: 400;\">Als u producent bent en interesse heeft om te leveren aan BEES Coop, gelieve ons te contacteren <\/span><a href=\"mailto:producteur@bees-coop.be\"><span style=\"font-weight: 400;\">producteur@bees-coop.be<\/span><\/a>[\/vc_column_text][\/vc_column][vc_column width=&#8221;1\/3&#8243;][vc_single_image image=&#8221;10&#8243; alignment=&#8221;center&#8221; style=&#8221;vc_box_shadow_border_circle_2&#8243;][vc_column_text]<\/p>\n<h3 style=\"text-align: center;\"><span style=\"font-weight: 400;\">Ingekaderd: Een veld van mogelijkheden<\/span><\/h3>\n<p><span style=\"font-weight: 400;\"><strong>Versterkte partnerschappen?<\/strong> De producenten en BEES Coop zouden aan het begin van het seizoen samen een teelplan kunnen opstellen. Dit laat toe een juiste en gegarandeerde vergoeding voor de producent te verzekeren en een kwaliteitsproduct voor BEES Coop!<\/span><\/p>\n<p><span style=\"font-weight: 400;\"><strong>Co\u00f6peranten op het veld?<\/strong> Op termijn, waarom niet? In feite kan de participatie van co\u00f6peranten (in shiften) tijdens verschillende stadia van het werk op het veld of na de oogst het werk van de groente- en fruitboeren verlichten alsook de prijs van de producten naar omlaag duwen.<\/span>[\/vc_column_text][\/vc_column][\/vc_row][vc_row][vc_column][vc_empty_space height=&#8221;60px&#8221;][vc_separator][\/vc_column][\/vc_row][vc_row][vc_column width=&#8221;1\/2&#8243;][vc_column_text]<\/p>\n<h3><b>De plaats van de producenten in de Algemene Vergadering<\/b><\/h3>\n<p><span style=\"font-weight: 400;\">BEES Coop is een consumentenco\u00f6peratie. In lijn met de intentie de producenten te steunen garandeert BEES Coop hen echter ruimte om hun zeg te doen e, beslissingen te nemen binnen de AV via de mogelijkheid zich in te schrijven voor deelwerkingen en de BEES Coop gemeenschappen. <\/span>[\/vc_column_text][vc_single_image image=&#8221;1924&#8243; img_size=&#8221;full&#8221;][\/vc_column][vc_column width=&#8221;1\/2&#8243;][vc_column_text]<\/p>\n<h3>Etikettering als tool voor transparantie en sensibilisering<\/h3>\n<p>BEES Coop zet een duidelijk en intu\u00eftief etiketteringssysteem op poten om zo transparant mogelijk te zijn over de kwaliteit en herkomst van de producten die ze aan haar leden aanbiedt. Dit systeem laat aan de co\u00f6peranten toe hun aankoopkeuze met voldoende kennis te maken.<\/p>\n<p>Het etiketteringssysteem van BEES Coop is momenteel in ontwikkeling. Het zal informatie bevatten over de productiewijze en \u2013 omstandigheden, de herkomst en de distributiewijze\u00a0?<br \/>\nAndere sensibilisatietools zoals culinaire workshops, het verwerken van groentes of \u00a0ontmoetingen met producenten zullen evenzeer aan het diverse publiek van de winkel toelaten om bekend te geraken met de problematiek en hen aanmoedigen duurzame landbouw te ondersteunen\u00a0!<\/p>\n<p>[\/vc_column_text][\/vc_column][\/vc_row][vc_row][vc_column][vc_empty_space height=&#8221;60px&#8221;][\/vc_column][\/vc_row][vc_row][vc_column width=&#8221;1\/2&#8243;][vc_column_text css=&#8221;.vc_custom_1443449453863{padding-top: 10px !important;padding-right: 10px !important;padding-bottom: 10px !important;padding-left: 10px !important;background-color: #5cbec3 !important;}&#8221;]<\/p>\n<h3>Choud\u2019Bruxelles<\/h3>\n<p><span style=\"font-weight: 400;\">Choud&#8217;Bruxelles is een onderzoeksproject opgericht door het netwerk van GASAP, BEES Coop en Qalinca (onderzoekscentrum in logistiek aan de ULB), gefinancierd door Innoviris.<\/span><\/p>\n<p><strong>Doel<\/strong><\/p>\n<p>Milieu-impact van de leveringen in Brussel verminderenEen performant leveringssysteem in de korte omloop in het BHG ontwikkelen<\/p>\n<p>Transportkosten verminderen door de logistiek te optimaliseren<\/p>\n<p><strong>Hoe?<\/strong><\/p>\n<p>Door stroomopwaarts doorheen de productieketen te werken<\/p>\n<p>Door het opzetten van een informaticasysteem dat de huidige werking van de logistieke keten analyseert<\/p>\n<p>Door de ontwikkeling van een software die toelaat de noden van de verschillende actoren uit te klaren<\/p>\n<p>[\/vc_column_text][\/vc_column][vc_column width=&#8221;1\/2&#8243;][vc_single_image image=&#8221;1878&#8243; img_size=&#8221;full&#8221;][\/vc_column][\/vc_row][vc_row][vc_column][vc_empty_space height=&#8221;60px&#8221;][\/vc_column][\/vc_row][vc_row][vc_column][vc_text_separator title=&#8221;De producenten&#8221; title_size=&#8221;h2&#8243;][\/vc_column][\/vc_row][vc_row][vc_column width=&#8221;1\/4&#8243;][vc_column_text]<br \/>\n[\/vc_column_text][\/vc_column][vc_column width=&#8221;1\/2&#8243;][vc_single_image image=&#8221;1153&#8243; alignment=&#8221;center&#8221; style=&#8221;vc_box_shadow_border_circle_2&#8243;][vc_column_text]<\/p>\n<h3 style=\"text-align: center;\">Brussels Beer Project<\/h3>\n<p><strong>Olivier de Brauwere<\/strong><\/p>\n<p><span style=\"color: #5cbec3;\"><strong>En quoi le mod\u00e8le de supermarch\u00e9 participatif vous para\u00eet-il int\u00e9ressant ?<\/strong><\/span><\/p>\n<p><em>&#8220;<i><span style=\"font-weight: 400;\">C&#8217;est un projet win-win-win. Pour les producteurs\/fournisseurs d&#8217;abord, qui ont un partenaire \u00e0 leur taille pour casser les mod\u00e8les de la grande distribution dans lesquels il est difficile de n\u00e9gocier. Pour les participants au projet ensuite, qui trouvent une mani\u00e8re ludique de s&#8217;impliquer dans un projet. Et enfin, indirectement, pour la soci\u00e9t\u00e9 car elle permet aux fournisseurs et \u00e0 la communaut\u00e9 de trouver une place p\u00e9renne avec \u00e0 la cl\u00e9 des produits de qualit\u00e9.&#8221;<\/span><\/i><\/em><\/p>\n<p><span style=\"color: #5cbec3;\"><strong>Pourquoi soutenez-vous le projet BEES coop?<\/strong><\/span><\/p>\n<p><em>&#8220;<i><span style=\"font-weight: 400;\">BEES coop partage des valeurs communes avec notre projet (Brussels Beer Project) telles que la qualit\u00e9 du produit et l&#8217;implication de la communaut\u00e9 dans le projet. En plus de cela, BEES coop peut compter sur une \u00e9quipe pro, sympa et dynamique, ce qui est le fondement de tout projet durable.<\/span><\/i><\/em><em style=\"line-height: 1.5;\">&#8220;<\/em><\/p>\n<p><span style=\"color: #5cbec3;\"><strong>En quoi un tel projet r\u00e9pond-il \u00e0 vos r\u00eaves \/ espoirs de changement ?<\/strong><\/span><\/p>\n<p><em>&#8220;<i><span style=\"font-weight: 400;\">Un mod\u00e8le comme celui de BEES coop est g\u00e9nial car r\u00e9plicable dans toutes les villes. Pour preuve l&#8217;inspiration qui vient des USA. Il a donc le potentiel d&#8217;offrir une alternative au mod\u00e8le de la grande distribution<\/span><\/i><span style=\"font-weight: 400;\">.<\/span>&#8220;<\/em><\/p>\n<p><a href=\"http:\/\/beerproject.be\/\" target=\"_blank\">http:\/\/beerproject.be\/<\/a>[\/vc_column_text][vc_separator][\/vc_column][vc_column width=&#8221;1\/4&#8243;][vc_column_text]<br \/>\n[\/vc_column_text][\/vc_column][\/vc_row][vc_row][vc_column width=&#8221;1\/4&#8243;][vc_column_text]<br \/>\n[\/vc_column_text][\/vc_column][vc_column width=&#8221;1\/2&#8243;][vc_single_image image=&#8221;1763&#8243; alignment=&#8221;center&#8221; style=&#8221;vc_box_shadow_border_circle_2&#8243;][vc_column_text]<\/p>\n<h3 style=\"text-align: center;\"><b>Le champignon de Bruxelles<\/b><\/h3>\n<p><b>Sevan<\/b><\/p>\n<p><span style=\"color: #5cbec3;\"><strong>En quoi le mod\u00e8le de supermarch\u00e9 participatif vous para\u00eet-il int\u00e9ressant ?<\/strong><\/span><\/p>\n<p><em>&#8220;<i><span style=\"font-weight: 400;\">Le mod\u00e8le participatif est exactement dans la mouvance actuelle. En effet, les initiatives citoyennes, individuelles sont de plus en plus nombreuses car je pense que les personnes d\u00e9sirent prendre elles-m\u00eames leur pr\u00e9sent en main en mati\u00e8re de consommation par exemple ici, par r\u00e9action au plein pouvoir de l&#8217;industrie qui ne laisse aucun choix (ou si peu), ni aux consommateurs ni aux producteurs.<\/span><\/i><i><span style=\"font-weight: 400;\">&#8220;<\/span><\/i><\/em><\/p>\n<p><span style=\"color: #5cbec3;\"><strong>Pourquoi soutenez-vous le projet BEES coop?<\/strong><\/span><\/p>\n<p><em>&#8220;<i><span style=\"font-weight: 400;\">Car c&#8217;est une \u00e9quipe de jeunes, tous super dynamiques et positifs, qui osent proposer une alternative sociale et humaine, bas\u00e9e sur leur philosophie et non pas sur la seule recherche du b\u00e9n\u00e9fice financier, donc \u00e0 contre-courant!<\/span><\/i><\/em><em style=\"line-height: 1.5;\">&#8220;<\/em><\/p>\n<p><span style=\"color: #5cbec3;\"><strong>En quoi un tel projet r\u00e9pond-il \u00e0 vos r\u00eaves \/ espoirs de changement ?<\/strong><\/span><\/p>\n<p><em>&#8220;<i><span style=\"font-weight: 400;\">De mon c\u00f4t\u00e9 j&#8217;essaye au quotidien de prendre des d\u00e9cisions qui vont dans le sens du &#8220;durable&#8221; et ce projet correspond \u00e0 ma philosophie. On dit que l&#8221;&#8216;homme est condamn\u00e9 \u00e0 devenir intelligent ou \u00e0 dispara\u00eetre&#8221; alors je r\u00eave en la multiplication de telles initiatives, tels de petits grains de sable !<\/span><\/i>&#8220;<\/em><\/p>\n<p><a href=\"http:\/\/www.larbreasavon.be\" target=\"_blank\">http:\/\/www.larbreasavon.be<\/a>[\/vc_column_text][vc_separator][\/vc_column][vc_column width=&#8221;1\/4&#8243;][vc_column_text]<br \/>\n[\/vc_column_text][\/vc_column][\/vc_row][vc_row][vc_column width=&#8221;1\/4&#8243;][vc_column_text]<br \/>\n[\/vc_column_text][\/vc_column][vc_column width=&#8221;1\/2&#8243;][vc_single_image image=&#8221;514&#8243; alignment=&#8221;center&#8221; style=&#8221;vc_box_shadow_border_circle_2&#8243;][vc_column_text]<\/p>\n<h3 style=\"text-align: center;\">L&#8217;arbre \u00e0 savon<\/h3>\n<p><strong>Val\u00e9rie Tub\u00e9<\/strong><\/p>\n<p><em>&#8220;<\/em><i><span style=\"font-weight: 400;\">Le champignon de Bruxelles soutient pleinement la BEES coop pour deux raisons essentielles.<\/span><\/i><\/p>\n<p><i><span style=\"font-weight: 400;\">Tout d&#8217;abord, parce que gr\u00e2ce \u00e0 son mod\u00e8le coop\u00e9ratif, la BEES coop d\u00e9mocratise l&#8217;alimentation saine et durable \u00e0 Bruxelles. En effet, trop de distributeurs appliquent des marges incongrues sur les produits bio, ce qui les rend inaccessibles pour une partie importante de la population. Le mod\u00e8le coop\u00e9ratif pr\u00e9sente une r\u00e9elle solution \u00e0 cette d\u00e9rive et permet \u00e0 des produits parfois consid\u00e9r\u00e9s comme \u00ab\u00a0luxueux\u00a0\u00bb d&#8217;\u00eatre pr\u00e9sents dans l&#8217;assiette de TOUS les Bruxellois.<\/span><\/i><\/p>\n<p><em><i><span style=\"font-weight: 400;\">Ensuite, si nous voulons un monde plus juste pour demain et une alimentation qui respecte la sant\u00e9 de l&#8217;homme et celle de la plan\u00e8te, chacun doit faire sa part de travail. Au niveau citoyen, il s&#8217;agit de s&#8217;engager personnellement pour une alimentation plus saine et plus durable en questionnant le mod\u00e8le actuel, la provenance des produits que l&#8217;on consomme et la mani\u00e8re dont ils ont \u00e9t\u00e9 produits. La BEES coop facilite ce genre de comportement citoyen et encourage une consommation responsable en permettant \u00e0 tout un chacun de participer au cycle alimentaire. Nous souscrivons pleinement \u00e0 leur projet et \u00e0 la d\u00e9marche participative avec laquelle ils fonctionnent.<\/span><\/i><i><span style=\"font-weight: 400;\">&#8220;<\/span><\/i><\/em><\/p>\n<p><a href=\"http:\/\/lechampignondebruxelles.be\/\" target=\"_blank\">http:\/\/lechampignondebruxelles.be\/<\/a>[\/vc_column_text][vc_separator][\/vc_column][vc_column width=&#8221;1\/4&#8243;][vc_column_text]<br \/>\n[\/vc_column_text][\/vc_column][\/vc_row]<\/p>\n","protected":false},"excerpt":{"rendered":"<p>[vc_row][vc_column][vc_single_image image=&#8221;1712&#8243; img_size=&#8221;full&#8221; alignment=&#8221;center&#8221;][\/vc_column][\/vc_row][vc_row][vc_column width=&#8221;1\/3&#8243;][vc_single_image image=&#8221;510&#8243; alignment=&#8221;center&#8221; style=&#8221;vc_box_shadow_border_circle_2&#8243;][vc_column_text] Korte circuits en commerci\u00eble partnerschappen Op dit moment werk de aankoopgroep voor niet bederfelijke producten van BEES Coop samen \u00a0met een vijftiental Belgische producenten, het merendeel in directe lijn, om zo hun producten aan de co\u00f6peranten te kunnen aanbieden. BEES Coop neemt zich voor een maximum aan [&hellip;]<\/p>\n","protected":false},"author":1,"featured_media":0,"parent":0,"menu_order":0,"comment_status":"closed","ping_status":"closed","template":"","meta":{"jetpack_post_was_ever_published":false,"footnotes":""},"class_list":["post-1962","page","type-page","status-publish","hentry"],"yoast_head":"<!-- This site is optimized with the Yoast SEO plugin v26.8 - https:\/\/yoast.com\/product\/yoast-seo-wordpress\/ -->\n<title>De producenten - Bees Coop<\/title>\n<meta name=\"robots\" content=\"index, follow, max-snippet:-1, max-image-preview:large, max-video-preview:-1\" \/>\n<link rel=\"canonical\" href=\"http:\/\/bees-coop.be\/nl\/producenten\/\" \/>\n<meta property=\"og:locale\" content=\"nl_NL\" \/>\n<meta property=\"og:type\" content=\"article\" \/>\n<meta property=\"og:title\" content=\"De producenten - Bees Coop\" \/>\n<meta property=\"og:description\" content=\"[vc_row][vc_column][vc_single_image image=&#8221;1712&#8243; img_size=&#8221;full&#8221; alignment=&#8221;center&#8221;][\/vc_column][\/vc_row][vc_row][vc_column width=&#8221;1\/3&#8243;][vc_single_image image=&#8221;510&#8243; alignment=&#8221;center&#8221; style=&#8221;vc_box_shadow_border_circle_2&#8243;][vc_column_text] Korte circuits en commerci\u00eble partnerschappen Op dit moment werk de aankoopgroep voor niet bederfelijke producten van BEES Coop samen \u00a0met een vijftiental Belgische producenten, het merendeel in directe lijn, om zo hun producten aan de co\u00f6peranten te kunnen aanbieden. BEES Coop neemt zich voor een maximum aan [&hellip;]\" \/>\n<meta property=\"og:url\" content=\"http:\/\/bees-coop.be\/nl\/producenten\/\" \/>\n<meta property=\"og:site_name\" content=\"Bees Coop\" \/>\n<meta property=\"article:publisher\" content=\"https:\/\/www.facebook.com\/pages\/BEES-Coop\/273765086151640\" \/>\n<meta property=\"article:modified_time\" content=\"2015-09-30T13:49:19+00:00\" \/>\n<meta property=\"og:image\" content=\"http:\/\/bees-coop.be\/wp-content\/uploads\/2015\/09\/beesco1.jpg\" \/>\n<meta name=\"twitter:card\" content=\"summary_large_image\" \/>\n<meta name=\"twitter:label1\" content=\"Geschatte leestijd\" \/>\n\t<meta name=\"twitter:data1\" content=\"8 minutes\" \/>\n<script type=\"application\/ld+json\" class=\"yoast-schema-graph\">{\"@context\":\"https:\/\/schema.org\",\"@graph\":[{\"@type\":\"WebPage\",\"@id\":\"http:\/\/bees-coop.be\/nl\/producenten\/\",\"url\":\"http:\/\/bees-coop.be\/nl\/producenten\/\",\"name\":\"De producenten - Bees Coop\",\"isPartOf\":{\"@id\":\"http:\/\/bees-coop.be\/en\/#website\"},\"datePublished\":\"2015-08-18T11:42:23+00:00\",\"dateModified\":\"2015-09-30T13:49:19+00:00\",\"breadcrumb\":{\"@id\":\"http:\/\/bees-coop.be\/nl\/producenten\/#breadcrumb\"},\"inLanguage\":\"nl-NL\",\"potentialAction\":[{\"@type\":\"ReadAction\",\"target\":[\"http:\/\/bees-coop.be\/nl\/producenten\/\"]}]},{\"@type\":\"BreadcrumbList\",\"@id\":\"http:\/\/bees-coop.be\/nl\/producenten\/#breadcrumb\",\"itemListElement\":[{\"@type\":\"ListItem\",\"position\":1,\"name\":\"Accueil\",\"item\":\"http:\/\/bees-coop.be\/nl\/\"},{\"@type\":\"ListItem\",\"position\":2,\"name\":\"De producenten\"}]},{\"@type\":\"WebSite\",\"@id\":\"http:\/\/bees-coop.be\/en\/#website\",\"url\":\"http:\/\/bees-coop.be\/en\/\",\"name\":\"Bees Coop\",\"description\":\"Supermarch\u00e9 coop\u00e9ratif et participatif\",\"publisher\":{\"@id\":\"http:\/\/bees-coop.be\/en\/#organization\"},\"potentialAction\":[{\"@type\":\"SearchAction\",\"target\":{\"@type\":\"EntryPoint\",\"urlTemplate\":\"http:\/\/bees-coop.be\/en\/?s={search_term_string}\"},\"query-input\":{\"@type\":\"PropertyValueSpecification\",\"valueRequired\":true,\"valueName\":\"search_term_string\"}}],\"inLanguage\":\"nl-NL\"},{\"@type\":\"Organization\",\"@id\":\"http:\/\/bees-coop.be\/en\/#organization\",\"name\":\"BEES coop\",\"url\":\"http:\/\/bees-coop.be\/en\/\",\"logo\":{\"@type\":\"ImageObject\",\"inLanguage\":\"nl-NL\",\"@id\":\"http:\/\/bees-coop.be\/en\/#\/schema\/logo\/image\/\",\"url\":\"http:\/\/bees-coop.be\/wp-content\/uploads\/2014\/08\/Logo-BEES-coop-Pastille-RVB.png\",\"contentUrl\":\"http:\/\/bees-coop.be\/wp-content\/uploads\/2014\/08\/Logo-BEES-coop-Pastille-RVB.png\",\"width\":567,\"height\":567,\"caption\":\"BEES coop\"},\"image\":{\"@id\":\"http:\/\/bees-coop.be\/en\/#\/schema\/logo\/image\/\"},\"sameAs\":[\"https:\/\/www.facebook.com\/pages\/BEES-Coop\/273765086151640\"]}]}<\/script>\n<!-- \/ Yoast SEO plugin. -->","yoast_head_json":{"title":"De producenten - Bees Coop","robots":{"index":"index","follow":"follow","max-snippet":"max-snippet:-1","max-image-preview":"max-image-preview:large","max-video-preview":"max-video-preview:-1"},"canonical":"http:\/\/bees-coop.be\/nl\/producenten\/","og_locale":"nl_NL","og_type":"article","og_title":"De producenten - Bees Coop","og_description":"[vc_row][vc_column][vc_single_image image=&#8221;1712&#8243; img_size=&#8221;full&#8221; alignment=&#8221;center&#8221;][\/vc_column][\/vc_row][vc_row][vc_column width=&#8221;1\/3&#8243;][vc_single_image image=&#8221;510&#8243; alignment=&#8221;center&#8221; style=&#8221;vc_box_shadow_border_circle_2&#8243;][vc_column_text] Korte circuits en commerci\u00eble partnerschappen Op dit moment werk de aankoopgroep voor niet bederfelijke producten van BEES Coop samen \u00a0met een vijftiental Belgische producenten, het merendeel in directe lijn, om zo hun producten aan de co\u00f6peranten te kunnen aanbieden. BEES Coop neemt zich voor een maximum aan [&hellip;]","og_url":"http:\/\/bees-coop.be\/nl\/producenten\/","og_site_name":"Bees Coop","article_publisher":"https:\/\/www.facebook.com\/pages\/BEES-Coop\/273765086151640","article_modified_time":"2015-09-30T13:49:19+00:00","og_image":[{"url":"http:\/\/bees-coop.be\/wp-content\/uploads\/2015\/09\/beesco1.jpg","type":"","width":"","height":""}],"twitter_card":"summary_large_image","twitter_misc":{"Geschatte leestijd":"8 minutes"},"schema":{"@context":"https:\/\/schema.org","@graph":[{"@type":"WebPage","@id":"http:\/\/bees-coop.be\/nl\/producenten\/","url":"http:\/\/bees-coop.be\/nl\/producenten\/","name":"De producenten - Bees Coop","isPartOf":{"@id":"http:\/\/bees-coop.be\/en\/#website"},"datePublished":"2015-08-18T11:42:23+00:00","dateModified":"2015-09-30T13:49:19+00:00","breadcrumb":{"@id":"http:\/\/bees-coop.be\/nl\/producenten\/#breadcrumb"},"inLanguage":"nl-NL","potentialAction":[{"@type":"ReadAction","target":["http:\/\/bees-coop.be\/nl\/producenten\/"]}]},{"@type":"BreadcrumbList","@id":"http:\/\/bees-coop.be\/nl\/producenten\/#breadcrumb","itemListElement":[{"@type":"ListItem","position":1,"name":"Accueil","item":"http:\/\/bees-coop.be\/nl\/"},{"@type":"ListItem","position":2,"name":"De producenten"}]},{"@type":"WebSite","@id":"http:\/\/bees-coop.be\/en\/#website","url":"http:\/\/bees-coop.be\/en\/","name":"Bees Coop","description":"Supermarch\u00e9 coop\u00e9ratif et participatif","publisher":{"@id":"http:\/\/bees-coop.be\/en\/#organization"},"potentialAction":[{"@type":"SearchAction","target":{"@type":"EntryPoint","urlTemplate":"http:\/\/bees-coop.be\/en\/?s={search_term_string}"},"query-input":{"@type":"PropertyValueSpecification","valueRequired":true,"valueName":"search_term_string"}}],"inLanguage":"nl-NL"},{"@type":"Organization","@id":"http:\/\/bees-coop.be\/en\/#organization","name":"BEES coop","url":"http:\/\/bees-coop.be\/en\/","logo":{"@type":"ImageObject","inLanguage":"nl-NL","@id":"http:\/\/bees-coop.be\/en\/#\/schema\/logo\/image\/","url":"http:\/\/bees-coop.be\/wp-content\/uploads\/2014\/08\/Logo-BEES-coop-Pastille-RVB.png","contentUrl":"http:\/\/bees-coop.be\/wp-content\/uploads\/2014\/08\/Logo-BEES-coop-Pastille-RVB.png","width":567,"height":567,"caption":"BEES coop"},"image":{"@id":"http:\/\/bees-coop.be\/en\/#\/schema\/logo\/image\/"},"sameAs":["https:\/\/www.facebook.com\/pages\/BEES-Coop\/273765086151640"]}]}},"jetpack_sharing_enabled":true,"jetpack_shortlink":"https:\/\/wp.me\/P6C0MR-vE","_links":{"self":[{"href":"http:\/\/bees-coop.be\/nl\/wp-json\/wp\/v2\/pages\/1962","targetHints":{"allow":["GET"]}}],"collection":[{"href":"http:\/\/bees-coop.be\/nl\/wp-json\/wp\/v2\/pages"}],"about":[{"href":"http:\/\/bees-coop.be\/nl\/wp-json\/wp\/v2\/types\/page"}],"author":[{"embeddable":true,"href":"http:\/\/bees-coop.be\/nl\/wp-json\/wp\/v2\/users\/1"}],"replies":[{"embeddable":true,"href":"http:\/\/bees-coop.be\/nl\/wp-json\/wp\/v2\/comments?post=1962"}],"version-history":[{"count":7,"href":"http:\/\/bees-coop.be\/nl\/wp-json\/wp\/v2\/pages\/1962\/revisions"}],"predecessor-version":[{"id":2136,"href":"http:\/\/bees-coop.be\/nl\/wp-json\/wp\/v2\/pages\/1962\/revisions\/2136"}],"wp:attachment":[{"href":"http:\/\/bees-coop.be\/nl\/wp-json\/wp\/v2\/media?parent=1962"}],"curies":[{"name":"wp","href":"https:\/\/api.w.org\/{rel}","templated":true}]}}