{"id":2244,"date":"2015-09-06T09:24:24","date_gmt":"2015-09-06T08:24:24","guid":{"rendered":"http:\/\/bees-coop.be\/get-involved\/construire-le-projet-ensemble\/"},"modified":"2015-11-11T10:41:05","modified_gmt":"2015-11-11T09:41:05","slug":"construct-the-project-together","status":"publish","type":"page","link":"http:\/\/bees-coop.be\/en\/get-involved\/construct-the-project-together\/","title":{"rendered":"Construct the project together"},"content":{"rendered":"<p>[vc_row][vc_column][vc_single_image image=&#8221;1710&#8243; img_size=&#8221;full&#8221; alignment=&#8221;center&#8221;][\/vc_column][\/vc_row][vc_row][vc_column width=&#8221;1\/4&#8243;][vc_column_text]<br \/>\n[\/vc_column_text][\/vc_column][vc_column width=&#8221;1\/2&#8243;][vc_column_text]<\/p>\n<p style=\"text-align: center;\">Beyond becoming a co-operator, there are several ways of getting involved in the project and development of the BEES Coop.<\/p>\n<p style=\"text-align: center;\">You can become :<\/p>\n<p>[\/vc_column_text][\/vc_column][vc_column width=&#8221;1\/4&#8243;][vc_column_text]<br \/>\n[\/vc_column_text][\/vc_column][\/vc_row][vc_row][vc_column width=&#8221;1\/3&#8243;][vc_column_text]<\/p>\n<h3 style=\"text-align: center;\"><strong>Sympathizer<\/strong><\/h3>\n<p><em>&#8220;I like the project. I won\u2019t be able to devote myself to it, but I would like to be kept up to- date with its evolution\u201d.<\/em><\/p>\n<p>Subscribe to the sympathizers\u2019 newsletter.<\/p>\n<p><span class=\"shortcode-code\">[yks-mailchimp-list id=&#8221;f6fa81d2d9&#8243; submit_text=&#8221;Submit&#8221;]<\/span>[\/vc_column_text][\/vc_column][vc_column width=&#8221;1\/3&#8243;][vc_column_text]<\/p>\n<h3 style=\"text-align: center;\"><strong>Helping from time to time<\/strong><\/h3>\n<p>Helping from time to time, on a short period, on a specific project or mission.<\/p>\n<p><em>\u201cI am available from time to time to help on specific, limited tasks and want to join the group of \u2018reservists\u2019. I agree to be contacted to carry out short and precise mission such as: encoding data, proof-reading documents (spelling and grammar), doing a price study, etc.\u201d<\/em><\/p>\n<p>E-mail us at <a href=\"http:\/\/\/h\">accueil@bees-coop.be<\/a><\/p>\n<p>&nbsp;<\/p>\n<p><span style=\"font-weight: 400;\">\u00a0<\/span>[\/vc_column_text][\/vc_column][vc_column width=&#8221;1\/3&#8243;][vc_column_text]<\/p>\n<h3 style=\"text-align: center;\"><strong>Active member in the project setting up:<\/strong><\/h3>\n<p><em> \u201cI want to get involved in the development of the project, and I have time to getting involved in one of the thematic working groups\u201d<\/em><\/p>\n<p>There is much to do and all skills and experience are welcome. Join the team of motivated people and take parts in an exciting dynamic![\/vc_column_text][vc_column_text css=&#8221;.vc_custom_1447234858358{padding-top: 10px !important;padding-right: 10px !important;padding-bottom: 10px !important;padding-left: 10px !important;background-color: #5cbec3 !important;}&#8221;]<\/p>\n<p>In order to pick the involvement that best matches your desires and availability with the needs of the BEES Coop, contact the <span style=\"font-weight: 400; color: #000000;\"><a style=\"color: #000000;\" href=\"mailto:accueil@bees-coop.be\">\u00ab Member integration\u00a0\u00bb<\/a>\u00a0<\/span>cell. They\u2019ll make their best to guide you.<\/p>\n<p>[\/vc_column_text][\/vc_column][\/vc_row][vc_row][vc_column][vc_text_separator title=&#8221;Structure of BEES Coop&#8221; title_size=&#8221;h2&#8243;][\/vc_column][\/vc_row][vc_row][vc_column][vc_column_text]<\/p>\n\r\n\t<div class=\"imgmap-frontend-image\">\r\n\t<div class=\"imgmap-dialog-wrapper\" id=\"imgmap-dialog-1682-1\"><\/div>\r\n\t<img decoding=\"async\" src=\"http:\/\/bees-coop.be\/wp-content\/uploads\/2015\/09\/StructureBEES.jpg\" usemap=\"#imgmap-1682-1\" id=\"imagemap-1682-1\" \/>\r\n\t<map name=\"imgmap-1682-1\"><area data-type=\"tooltip\" data-tooltip=\"Cette cellule s\u2019occupe de l\u2019am\u00e9nagement du local rue Van Hove.\" data-fill-color=\"ffffff\" data-fill-opacity=\"0.8\" data-stroke-color=\"\" data-stroke-opacity=\"1\" data-stroke-width=\"0\" data-mapkey=\"area-1779\" shape=\"poly\" coords=\"637,638,637,650,598,634,576,596,578,561,606,526,636,519,668,525,694,549,703,589,701,610,668,640,639,650\" href=\"#\" title=\"\" \/><area data-type=\"tooltip\" data-tooltip=\"Cette cellule s\u2019active pour aider ceux qui le souhaitent \u00e0 trouver leur place dans la cr\u00e9ation du projet. Elle accueille, oriente les membres et organise des \u00e9v\u00e8nements conviviaux. \" data-fill-color=\"ffffff\" data-fill-opacity=\"0.8\" data-stroke-color=\"\" data-stroke-opacity=\"1\" data-stroke-width=\"0\" data-mapkey=\"area-1778\" shape=\"poly\" coords=\"459,649,463,649,411,626,395,589,402,552,429,529,463,514,502,529,521,553,529,590,521,620,500,640,465,650\" href=\"#\" title=\"\" \/><area data-type=\"tooltip\" data-tooltip=\"Ce groupe rassemble chaque mois un ou des repr\u00e9sentants de toutes les cellules. La coordination a pour but le partage d&#039;information et est un organe de d\u00e9cision entre les assembl\u00e9es g\u00e9n\u00e9rales.\" data-fill-color=\"ffffff\" data-fill-opacity=\"0.8\" data-stroke-color=\"\" data-stroke-opacity=\"1\" data-stroke-width=\"0\" data-mapkey=\"area-1777\" shape=\"poly\" coords=\"282,649,283,650,231,623,218,589,227,561,254,531,294,520,325,531,344,556,353,577,353,610,320,641,286,650\" href=\"#\" title=\"\" \/><area data-type=\"tooltip\" data-tooltip=\"Cette cellule \u00e9tudie les diff\u00e9rentes mani\u00e8res d\u2019organiser les prises de d\u00e9cisions au sein de la coop\u00e9rative.\" data-fill-color=\"ffffff\" data-fill-opacity=\"0.8\" data-stroke-color=\"\" data-stroke-opacity=\"1\" data-stroke-width=\"0\" data-mapkey=\"area-1776\" shape=\"poly\" coords=\"909,471,894,471,856,447,842,429,835,403,854,362,896,343,931,348,961,371,975,395,973,422,951,456,914,471\" href=\"#\" title=\"\" \/><area data-type=\"tooltip\" data-tooltip=\"Ce groupe g\u00e8re la comptabilit\u00e9 du projet et recherche des financements.\" data-fill-color=\"ffffff\" data-fill-opacity=\"0.8\" data-stroke-color=\"\" data-stroke-opacity=\"1\" data-stroke-width=\"0\" data-mapkey=\"area-1775\" shape=\"poly\" coords=\"731,467,726,467,682,452,664,421,668,377,706,345,743,345,777,365,789,398,784,441,746,467\" href=\"#\" title=\"\" \/><area data-type=\"tooltip\" data-tooltip=\"Cette cellule travail \u00e0 la r\u00e9alisation du plan financier de la coop\u00e9rative.\" data-fill-color=\"ffffff\" data-fill-opacity=\"0.8\" data-stroke-color=\"\" data-stroke-opacity=\"1\" data-stroke-width=\"0\" data-mapkey=\"area-1774\" shape=\"poly\" coords=\"551,471,532,471,494,446,483,404,500,362,533,345,581,352,604,376,616,412,594,458\" href=\"#\" title=\"\" \/><area data-type=\"tooltip\" data-tooltip=\"Ce groupe s\u2019occupe de la coordination et du suivi des cellules. Sa mission est de porter au quotidien le projet BEES Coop pendant sa phase de cr\u00e9ation.\" data-fill-color=\"ffffff\" data-fill-opacity=\"0.8\" data-stroke-color=\"\" data-stroke-opacity=\"1\" data-stroke-width=\"0\" data-mapkey=\"area-1773\" shape=\"poly\" coords=\"371,471,352,464,319,444,307,407,316,376,358,345,395,348,420,368,435,398,426,443,399,462,374,471\" href=\"#\" title=\"\" \/><area data-type=\"tooltip\" data-tooltip=\"Le groupe mixit\u00e9 sociale travaille sur la question de l\u2019accessibilit\u00e9 du supermarch\u00e9 pour toutes cat\u00e9gories sociales.\" data-fill-color=\"ffffff\" data-fill-opacity=\"0.8\" data-stroke-color=\"\" data-stroke-opacity=\"1\" data-stroke-width=\"0\" data-mapkey=\"area-1772\" shape=\"poly\" coords=\"985,288,982,294,934,263,929,221,946,181,989,173,1019,176,1049,203,1058,231,1047,267,1015,291,984,292\" href=\"#\" title=\"\" \/><area data-type=\"tooltip\" data-tooltip=\"Ce groupe s\u2019occupe de la diffusion des informations internes et externes : site internet, newsletter, brochures de pr\u00e9sentation, flyers, etc.\" data-fill-color=\"ffffff\" data-fill-opacity=\"0.8\" data-stroke-color=\"\" data-stroke-opacity=\"1\" data-stroke-width=\"0\" data-mapkey=\"area-1771\" shape=\"poly\" coords=\"826,291,818,292,771,277,753,240,759,195,799,172,842,173,869,195,884,225,879,258,856,288,820,289\" href=\"#\" title=\"\" \/><area data-type=\"tooltip\" data-tooltip=\"Cette \u00e9quipe s\u2019occupe de la gestion des commandes pour le groupe d\u2019achat. Cela consiste \u00e0 r\u00e9ceptionner les produits, pr\u00e9parer les paniers, organiser le dispatching et les permanences avec les coop\u00e9rateurs.\" data-fill-color=\"ffffff\" data-fill-opacity=\"0.8\" data-stroke-color=\"\" data-stroke-opacity=\"1\" data-stroke-width=\"0\" data-mapkey=\"area-1770\" shape=\"poly\" coords=\"603,279,603,286,576,254,569,218,587,187,610,173,640,169,671,175,694,197,701,222,706,255,688,279,662,297,624,298,601,283\" href=\"#\" title=\"\" \/><area data-type=\"tooltip\" data-tooltip=\"Cette cellule se charge de s\u00e9lectionner les produits de la coop\u00e9rative tant pour le groupe d\u2019achat que pour le supermarch\u00e9. Ses participants recherchent des producteurs, des distributeurs et des grossistes.\" data-fill-color=\"ffffff\" data-fill-opacity=\"0.8\" data-stroke-color=\"\" data-stroke-opacity=\"1\" data-stroke-width=\"0\" data-mapkey=\"area-1769\" shape=\"poly\" coords=\"428,181,465,182,497,184,515,197,530,216,524,248,502,273,468,289,428,285,408,267,398,243,396,216,410,188,425,182\" href=\"#\" title=\"\" \/><area data-type=\"tooltip\" data-tooltip=\"Ce groupe travail au d\u00e9veloppement d\u2019un support informatique pour g\u00e9rer le supermarch\u00e9.\" data-fill-color=\"ffffff\" data-fill-opacity=\"0.8\" data-stroke-color=\"\" data-stroke-opacity=\"1\" data-stroke-width=\"0\" data-mapkey=\"area-1701\" shape=\"poly\" coords=\"800,648,762,623,750,587,758,551,779,530,814,517,846,522,869,541,882,566,882,595,874,620,852,639,826,649\" href=\"#\" title=\"\" \/><\/map>\r\n\t<\/div>\n<p>[\/vc_column_text][\/vc_column][\/vc_row]<\/p>\n","protected":false},"excerpt":{"rendered":"<p>[vc_row][vc_column][vc_single_image image=&#8221;1710&#8243; img_size=&#8221;full&#8221; alignment=&#8221;center&#8221;][\/vc_column][\/vc_row][vc_row][vc_column width=&#8221;1\/4&#8243;][vc_column_text] [\/vc_column_text][\/vc_column][vc_column width=&#8221;1\/2&#8243;][vc_column_text] Beyond becoming a co-operator, there are several ways of getting involved in the project and development of the BEES Coop. You can become : [\/vc_column_text][\/vc_column][vc_column width=&#8221;1\/4&#8243;][vc_column_text] [\/vc_column_text][\/vc_column][\/vc_row][vc_row][vc_column width=&#8221;1\/3&#8243;][vc_column_text] Sympathizer &#8220;I like the project. I won\u2019t be able to devote myself to it, but I would like to be [&hellip;]<\/p>\n","protected":false},"author":1,"featured_media":0,"parent":2241,"menu_order":0,"comment_status":"closed","ping_status":"closed","template":"","meta":{"jetpack_post_was_ever_published":false,"footnotes":""},"class_list":["post-2244","page","type-page","status-publish","hentry"],"yoast_head":"<!-- This site is optimized with the Yoast SEO plugin v26.8 - https:\/\/yoast.com\/product\/yoast-seo-wordpress\/ -->\n<title>Construct the project together - Bees Coop<\/title>\n<meta name=\"robots\" content=\"index, follow, max-snippet:-1, max-image-preview:large, max-video-preview:-1\" \/>\n<link rel=\"canonical\" href=\"https:\/\/bees-coop.be\/en\/get-involved\/construct-the-project-together\/\" \/>\n<meta property=\"og:locale\" content=\"en_US\" \/>\n<meta property=\"og:type\" content=\"article\" \/>\n<meta property=\"og:title\" content=\"Construct the project together - Bees Coop\" \/>\n<meta property=\"og:description\" content=\"[vc_row][vc_column][vc_single_image image=&#8221;1710&#8243; img_size=&#8221;full&#8221; alignment=&#8221;center&#8221;][\/vc_column][\/vc_row][vc_row][vc_column width=&#8221;1\/4&#8243;][vc_column_text] [\/vc_column_text][\/vc_column][vc_column width=&#8221;1\/2&#8243;][vc_column_text] Beyond becoming a co-operator, there are several ways of getting involved in the project and development of the BEES Coop. You can become : [\/vc_column_text][\/vc_column][vc_column width=&#8221;1\/4&#8243;][vc_column_text] [\/vc_column_text][\/vc_column][\/vc_row][vc_row][vc_column width=&#8221;1\/3&#8243;][vc_column_text] Sympathizer &#8220;I like the project. I won\u2019t be able to devote myself to it, but I would like to be [&hellip;]\" \/>\n<meta property=\"og:url\" content=\"https:\/\/bees-coop.be\/en\/get-involved\/construct-the-project-together\/\" \/>\n<meta property=\"og:site_name\" content=\"Bees Coop\" \/>\n<meta property=\"article:publisher\" content=\"https:\/\/www.facebook.com\/pages\/BEES-Coop\/273765086151640\" \/>\n<meta property=\"article:modified_time\" content=\"2015-11-11T09:41:05+00:00\" \/>\n<meta property=\"og:image\" content=\"http:\/\/bees-coop.be\/wp-content\/uploads\/2015\/09\/beesco1.jpg\" \/>\n<meta name=\"twitter:card\" content=\"summary_large_image\" \/>\n<meta name=\"twitter:label1\" content=\"Est. reading time\" \/>\n\t<meta name=\"twitter:data1\" content=\"2 minutes\" \/>\n<script type=\"application\/ld+json\" class=\"yoast-schema-graph\">{\"@context\":\"https:\/\/schema.org\",\"@graph\":[{\"@type\":\"WebPage\",\"@id\":\"https:\/\/bees-coop.be\/en\/get-involved\/construct-the-project-together\/\",\"url\":\"https:\/\/bees-coop.be\/en\/get-involved\/construct-the-project-together\/\",\"name\":\"Construct the project together - Bees Coop\",\"isPartOf\":{\"@id\":\"https:\/\/bees-coop.be\/nl\/#website\"},\"datePublished\":\"2015-09-06T08:24:24+00:00\",\"dateModified\":\"2015-11-11T09:41:05+00:00\",\"breadcrumb\":{\"@id\":\"https:\/\/bees-coop.be\/en\/get-involved\/construct-the-project-together\/#breadcrumb\"},\"inLanguage\":\"en-US\",\"potentialAction\":[{\"@type\":\"ReadAction\",\"target\":[\"https:\/\/bees-coop.be\/en\/get-involved\/construct-the-project-together\/\"]}]},{\"@type\":\"BreadcrumbList\",\"@id\":\"https:\/\/bees-coop.be\/en\/get-involved\/construct-the-project-together\/#breadcrumb\",\"itemListElement\":[{\"@type\":\"ListItem\",\"position\":1,\"name\":\"Accueil\",\"item\":\"https:\/\/bees-coop.be\/en\/\"},{\"@type\":\"ListItem\",\"position\":2,\"name\":\"Get involved\",\"item\":\"https:\/\/bees-coop.be\/en\/get-involved\/\"},{\"@type\":\"ListItem\",\"position\":3,\"name\":\"Construct the project together\"}]},{\"@type\":\"WebSite\",\"@id\":\"https:\/\/bees-coop.be\/nl\/#website\",\"url\":\"https:\/\/bees-coop.be\/nl\/\",\"name\":\"Bees Coop\",\"description\":\"Supermarch\u00e9 coop\u00e9ratif et participatif\",\"publisher\":{\"@id\":\"https:\/\/bees-coop.be\/nl\/#organization\"},\"potentialAction\":[{\"@type\":\"SearchAction\",\"target\":{\"@type\":\"EntryPoint\",\"urlTemplate\":\"https:\/\/bees-coop.be\/nl\/?s={search_term_string}\"},\"query-input\":{\"@type\":\"PropertyValueSpecification\",\"valueRequired\":true,\"valueName\":\"search_term_string\"}}],\"inLanguage\":\"en-US\"},{\"@type\":\"Organization\",\"@id\":\"https:\/\/bees-coop.be\/nl\/#organization\",\"name\":\"BEES coop\",\"url\":\"https:\/\/bees-coop.be\/nl\/\",\"logo\":{\"@type\":\"ImageObject\",\"inLanguage\":\"en-US\",\"@id\":\"https:\/\/bees-coop.be\/nl\/#\/schema\/logo\/image\/\",\"url\":\"http:\/\/bees-coop.be\/wp-content\/uploads\/2014\/08\/Logo-BEES-coop-Pastille-RVB.png\",\"contentUrl\":\"http:\/\/bees-coop.be\/wp-content\/uploads\/2014\/08\/Logo-BEES-coop-Pastille-RVB.png\",\"width\":567,\"height\":567,\"caption\":\"BEES coop\"},\"image\":{\"@id\":\"https:\/\/bees-coop.be\/nl\/#\/schema\/logo\/image\/\"},\"sameAs\":[\"https:\/\/www.facebook.com\/pages\/BEES-Coop\/273765086151640\"]}]}<\/script>\n<!-- \/ Yoast SEO plugin. -->","yoast_head_json":{"title":"Construct the project together - Bees Coop","robots":{"index":"index","follow":"follow","max-snippet":"max-snippet:-1","max-image-preview":"max-image-preview:large","max-video-preview":"max-video-preview:-1"},"canonical":"https:\/\/bees-coop.be\/en\/get-involved\/construct-the-project-together\/","og_locale":"en_US","og_type":"article","og_title":"Construct the project together - Bees Coop","og_description":"[vc_row][vc_column][vc_single_image image=&#8221;1710&#8243; img_size=&#8221;full&#8221; alignment=&#8221;center&#8221;][\/vc_column][\/vc_row][vc_row][vc_column width=&#8221;1\/4&#8243;][vc_column_text] [\/vc_column_text][\/vc_column][vc_column width=&#8221;1\/2&#8243;][vc_column_text] Beyond becoming a co-operator, there are several ways of getting involved in the project and development of the BEES Coop. You can become : [\/vc_column_text][\/vc_column][vc_column width=&#8221;1\/4&#8243;][vc_column_text] [\/vc_column_text][\/vc_column][\/vc_row][vc_row][vc_column width=&#8221;1\/3&#8243;][vc_column_text] Sympathizer &#8220;I like the project. I won\u2019t be able to devote myself to it, but I would like to be [&hellip;]","og_url":"https:\/\/bees-coop.be\/en\/get-involved\/construct-the-project-together\/","og_site_name":"Bees Coop","article_publisher":"https:\/\/www.facebook.com\/pages\/BEES-Coop\/273765086151640","article_modified_time":"2015-11-11T09:41:05+00:00","og_image":[{"url":"http:\/\/bees-coop.be\/wp-content\/uploads\/2015\/09\/beesco1.jpg","type":"","width":"","height":""}],"twitter_card":"summary_large_image","twitter_misc":{"Est. reading time":"2 minutes"},"schema":{"@context":"https:\/\/schema.org","@graph":[{"@type":"WebPage","@id":"https:\/\/bees-coop.be\/en\/get-involved\/construct-the-project-together\/","url":"https:\/\/bees-coop.be\/en\/get-involved\/construct-the-project-together\/","name":"Construct the project together - Bees Coop","isPartOf":{"@id":"https:\/\/bees-coop.be\/nl\/#website"},"datePublished":"2015-09-06T08:24:24+00:00","dateModified":"2015-11-11T09:41:05+00:00","breadcrumb":{"@id":"https:\/\/bees-coop.be\/en\/get-involved\/construct-the-project-together\/#breadcrumb"},"inLanguage":"en-US","potentialAction":[{"@type":"ReadAction","target":["https:\/\/bees-coop.be\/en\/get-involved\/construct-the-project-together\/"]}]},{"@type":"BreadcrumbList","@id":"https:\/\/bees-coop.be\/en\/get-involved\/construct-the-project-together\/#breadcrumb","itemListElement":[{"@type":"ListItem","position":1,"name":"Accueil","item":"https:\/\/bees-coop.be\/en\/"},{"@type":"ListItem","position":2,"name":"Get involved","item":"https:\/\/bees-coop.be\/en\/get-involved\/"},{"@type":"ListItem","position":3,"name":"Construct the project together"}]},{"@type":"WebSite","@id":"https:\/\/bees-coop.be\/nl\/#website","url":"https:\/\/bees-coop.be\/nl\/","name":"Bees Coop","description":"Supermarch\u00e9 coop\u00e9ratif et participatif","publisher":{"@id":"https:\/\/bees-coop.be\/nl\/#organization"},"potentialAction":[{"@type":"SearchAction","target":{"@type":"EntryPoint","urlTemplate":"https:\/\/bees-coop.be\/nl\/?s={search_term_string}"},"query-input":{"@type":"PropertyValueSpecification","valueRequired":true,"valueName":"search_term_string"}}],"inLanguage":"en-US"},{"@type":"Organization","@id":"https:\/\/bees-coop.be\/nl\/#organization","name":"BEES coop","url":"https:\/\/bees-coop.be\/nl\/","logo":{"@type":"ImageObject","inLanguage":"en-US","@id":"https:\/\/bees-coop.be\/nl\/#\/schema\/logo\/image\/","url":"http:\/\/bees-coop.be\/wp-content\/uploads\/2014\/08\/Logo-BEES-coop-Pastille-RVB.png","contentUrl":"http:\/\/bees-coop.be\/wp-content\/uploads\/2014\/08\/Logo-BEES-coop-Pastille-RVB.png","width":567,"height":567,"caption":"BEES coop"},"image":{"@id":"https:\/\/bees-coop.be\/nl\/#\/schema\/logo\/image\/"},"sameAs":["https:\/\/www.facebook.com\/pages\/BEES-Coop\/273765086151640"]}]}},"jetpack_sharing_enabled":true,"jetpack_shortlink":"https:\/\/wp.me\/P6C0MR-Ac","_links":{"self":[{"href":"http:\/\/bees-coop.be\/en\/wp-json\/wp\/v2\/pages\/2244","targetHints":{"allow":["GET"]}}],"collection":[{"href":"http:\/\/bees-coop.be\/en\/wp-json\/wp\/v2\/pages"}],"about":[{"href":"http:\/\/bees-coop.be\/en\/wp-json\/wp\/v2\/types\/page"}],"author":[{"embeddable":true,"href":"http:\/\/bees-coop.be\/en\/wp-json\/wp\/v2\/users\/1"}],"replies":[{"embeddable":true,"href":"http:\/\/bees-coop.be\/en\/wp-json\/wp\/v2\/comments?post=2244"}],"version-history":[{"count":4,"href":"http:\/\/bees-coop.be\/en\/wp-json\/wp\/v2\/pages\/2244\/revisions"}],"predecessor-version":[{"id":2277,"href":"http:\/\/bees-coop.be\/en\/wp-json\/wp\/v2\/pages\/2244\/revisions\/2277"}],"up":[{"embeddable":true,"href":"http:\/\/bees-coop.be\/en\/wp-json\/wp\/v2\/pages\/2241"}],"wp:attachment":[{"href":"http:\/\/bees-coop.be\/en\/wp-json\/wp\/v2\/media?parent=2244"}],"curies":[{"name":"wp","href":"https:\/\/api.w.org\/{rel}","templated":true}]}}